{"id":62,"date":"2009-09-11T08:10:04","date_gmt":"2009-09-11T07:10:04","guid":{"rendered":"http:\/\/casadelalumno.blogs.upv.es\/?page_id=62"},"modified":"2026-03-06T13:23:14","modified_gmt":"2026-03-06T12:23:14","slug":"planta-tercera","status":"publish","type":"page","link":"https:\/\/casadelalumno.blogs.upv.es\/?page_id=62","title":{"rendered":"Planta Tercera"},"content":{"rendered":"<p>La \u00faltima planta, es el espacio de la representaci\u00f3n de los alumnos de la Universidad Polit\u00e9cnica de Valencia. Esta formada por la <strong>Delegaci\u00f3n de Alumnos de la UPV<\/strong>, donde se encuentran los despachos de los representantes de alumnos de la UPV, incluido el despacho del Delegado de Alumnos de la Universidad.<\/p>\n<p>En esta planta se encuentra la gesti\u00f3n t\u00e9cnica y administrativa de la Casa del Alumno.<\/p>\n<p>Y para terminar en esta \u00faltima planta tenemos la <strong>Sala de Juntas<\/strong>, para el uso general de los usuarios de la Casa del Alumno. En esta sala se llevar\u00e1n a cabo Actos Oficiales, recepciones, etc.<\/p>\n<p><a class=\"foobox\" href=\"https:\/\/casadelalumno.blogs.upv.es\/wp-content\/uploads\/2009\/09\/Sala_Juntas02.jpg\" rel=\"primer_piso\"><img loading=\"lazy\" decoding=\"async\" class=\"alignnone size-thumbnail wp-image-9730\" src=\"https:\/\/casadelalumno.blogs.upv.es\/wp-content\/uploads\/2009\/09\/Sala_Juntas02-150x150.jpg\" alt=\"\" width=\"150\" height=\"150\" hspace=\"5\" vspace=\"5\"><\/a><\/p>\n<p>&nbsp;<\/p>","protected":false},"excerpt":{"rendered":"<p>La \u00faltima planta, es el espacio de la representaci\u00f3n de los alumnos de la Universidad Polit\u00e9cnica de Valencia. Esta formada por la Delegaci\u00f3n de Alumnos de la UPV, donde se encuentran los despachos de los representantes de alumnos de la UPV, incluido el despacho del Delegado de Alumnos de la Universidad. En esta planta se [&hellip;]<\/p>\n","protected":false},"author":1,"featured_media":0,"parent":23,"menu_order":4,"comment_status":"closed","ping_status":"closed","template":"","meta":{"ngg_post_thumbnail":0,"footnotes":""},"class_list":["post-62","page","type-page","status-publish","hentry"],"yoast_head":"<!-- This site is optimized with the Yoast SEO plugin v27.3 - https:\/\/yoast.com\/product\/yoast-seo-wordpress\/ -->\n<title>Planta Tercera - Casa del Estudiante<\/title>\n<meta name=\"robots\" content=\"index, follow, max-snippet:-1, max-image-preview:large, max-video-preview:-1\" \/>\n<link rel=\"canonical\" href=\"https:\/\/casadelalumno.blogs.upv.es\/?page_id=62\" \/>\n<meta property=\"og:locale\" content=\"es_ES\" \/>\n<meta property=\"og:type\" content=\"article\" \/>\n<meta property=\"og:title\" content=\"[:es]Planta Tercera[:vl]Planta Tercera[:en]3rd Floor[:] - Casa del Estudiante\" \/>\n<meta property=\"og:description\" content=\"La \u00faltima planta, es el espacio de la representaci\u00f3n de los alumnos de la Universidad Polit\u00e9cnica de Valencia. Esta formada por la Delegaci\u00f3n de Alumnos de la UPV, donde se encuentran los despachos de los representantes de alumnos de la UPV, incluido el despacho del Delegado de Alumnos de la Universidad. En esta planta se [&hellip;]\" \/>\n<meta property=\"og:url\" content=\"https:\/\/casadelalumno.blogs.upv.es\/?page_id=62\" \/>\n<meta property=\"og:site_name\" content=\"Casa del Estudiante\" \/>\n<meta property=\"article:modified_time\" content=\"2026-03-06T12:23:14+00:00\" \/>\n<meta property=\"og:image\" content=\"https:\/\/casadelalumno.blogs.upv.es\/wp-content\/uploads\/2016\/10\/DSC_0025.jpg\" \/>\n\t<meta property=\"og:image:width\" content=\"3216\" \/>\n\t<meta property=\"og:image:height\" content=\"2136\" \/>\n\t<meta property=\"og:image:type\" content=\"image\/jpeg\" \/>\n<meta name=\"twitter:card\" content=\"summary_large_image\" \/>\n<meta name=\"twitter:label1\" content=\"Tiempo de lectura\" \/>\n\t<meta name=\"twitter:data1\" content=\"1 minuto\" \/>\n<script type=\"application\/ld+json\" class=\"yoast-schema-graph\">{\"@context\":\"https:\\\/\\\/schema.org\",\"@graph\":[{\"@type\":\"WebPage\",\"@id\":\"https:\\\/\\\/casadelalumno.blogs.upv.es\\\/?page_id=62\",\"url\":\"https:\\\/\\\/casadelalumno.blogs.upv.es\\\/?page_id=62\",\"name\":\"[:es]Planta Tercera[:vl]Planta Tercera[:en]3rd Floor[:] - Casa del Estudiante\",\"isPartOf\":{\"@id\":\"https:\\\/\\\/casadelalumno.blogs.upv.es\\\/#website\"},\"primaryImageOfPage\":{\"@id\":\"https:\\\/\\\/casadelalumno.blogs.upv.es\\\/?page_id=62#primaryimage\"},\"image\":{\"@id\":\"https:\\\/\\\/casadelalumno.blogs.upv.es\\\/?page_id=62#primaryimage\"},\"thumbnailUrl\":\"https:\\\/\\\/casadelalumno.blogs.upv.es\\\/wp-content\\\/uploads\\\/2009\\\/09\\\/Sala_Juntas02-150x150.jpg\",\"datePublished\":\"2009-09-11T07:10:04+00:00\",\"dateModified\":\"2026-03-06T12:23:14+00:00\",\"breadcrumb\":{\"@id\":\"https:\\\/\\\/casadelalumno.blogs.upv.es\\\/?page_id=62#breadcrumb\"},\"inLanguage\":\"es\",\"potentialAction\":[{\"@type\":\"ReadAction\",\"target\":[\"https:\\\/\\\/casadelalumno.blogs.upv.es\\\/?page_id=62\"]}]},{\"@type\":\"ImageObject\",\"inLanguage\":\"es\",\"@id\":\"https:\\\/\\\/casadelalumno.blogs.upv.es\\\/?page_id=62#primaryimage\",\"url\":\"https:\\\/\\\/casadelalumno.blogs.upv.es\\\/wp-content\\\/uploads\\\/2016\\\/10\\\/DSC_0025.jpg\",\"contentUrl\":\"https:\\\/\\\/casadelalumno.blogs.upv.es\\\/wp-content\\\/uploads\\\/2016\\\/10\\\/DSC_0025.jpg\",\"width\":3216,\"height\":2136},{\"@type\":\"BreadcrumbList\",\"@id\":\"https:\\\/\\\/casadelalumno.blogs.upv.es\\\/?page_id=62#breadcrumb\",\"itemListElement\":[{\"@type\":\"ListItem\",\"position\":1,\"name\":\"Portada\",\"item\":\"https:\\\/\\\/casadelalumno.blogs.upv.es\\\/\"},{\"@type\":\"ListItem\",\"position\":2,\"name\":\"La Casa\",\"item\":\"https:\\\/\\\/casadelalumno.blogs.upv.es\\\/\"},{\"@type\":\"ListItem\",\"position\":3,\"name\":\"Instalaciones\",\"item\":\"https:\\\/\\\/casadelalumno.blogs.upv.es\\\/?page_id=23\"},{\"@type\":\"ListItem\",\"position\":4,\"name\":\"Planta Tercera\"}]},{\"@type\":\"WebSite\",\"@id\":\"https:\\\/\\\/casadelalumno.blogs.upv.es\\\/#website\",\"url\":\"https:\\\/\\\/casadelalumno.blogs.upv.es\\\/\",\"name\":\"Casa del Estudiante\",\"description\":\"P\u00e1gina web del CALUM de la UPV en Campus Vera\",\"potentialAction\":[{\"@type\":\"SearchAction\",\"target\":{\"@type\":\"EntryPoint\",\"urlTemplate\":\"https:\\\/\\\/casadelalumno.blogs.upv.es\\\/?s={search_term_string}\"},\"query-input\":{\"@type\":\"PropertyValueSpecification\",\"valueRequired\":true,\"valueName\":\"search_term_string\"}}],\"inLanguage\":\"es\"}]}<\/script>\n<!-- \/ Yoast SEO plugin. -->","yoast_head_json":{"title":"[:es]Planta Tercera[:vl]Planta Tercera[:en]3rd Floor[:] - Casa del Estudiante","robots":{"index":"index","follow":"follow","max-snippet":"max-snippet:-1","max-image-preview":"max-image-preview:large","max-video-preview":"max-video-preview:-1"},"canonical":"https:\/\/casadelalumno.blogs.upv.es\/?page_id=62","og_locale":"es_ES","og_type":"article","og_title":"[:es]Planta Tercera[:vl]Planta Tercera[:en]3rd Floor[:] - Casa del Estudiante","og_description":"La \u00faltima planta, es el espacio de la representaci\u00f3n de los alumnos de la Universidad Polit\u00e9cnica de Valencia. Esta formada por la Delegaci\u00f3n de Alumnos de la UPV, donde se encuentran los despachos de los representantes de alumnos de la UPV, incluido el despacho del Delegado de Alumnos de la Universidad. En esta planta se [&hellip;]","og_url":"https:\/\/casadelalumno.blogs.upv.es\/?page_id=62","og_site_name":"Casa del Estudiante","article_modified_time":"2026-03-06T12:23:14+00:00","og_image":[{"width":3216,"height":2136,"url":"https:\/\/casadelalumno.blogs.upv.es\/wp-content\/uploads\/2016\/10\/DSC_0025.jpg","type":"image\/jpeg"}],"twitter_card":"summary_large_image","twitter_misc":{"Tiempo de lectura":"1 minuto"},"schema":{"@context":"https:\/\/schema.org","@graph":[{"@type":"WebPage","@id":"https:\/\/casadelalumno.blogs.upv.es\/?page_id=62","url":"https:\/\/casadelalumno.blogs.upv.es\/?page_id=62","name":"[:es]Planta Tercera[:vl]Planta Tercera[:en]3rd Floor[:] - Casa del Estudiante","isPartOf":{"@id":"https:\/\/casadelalumno.blogs.upv.es\/#website"},"primaryImageOfPage":{"@id":"https:\/\/casadelalumno.blogs.upv.es\/?page_id=62#primaryimage"},"image":{"@id":"https:\/\/casadelalumno.blogs.upv.es\/?page_id=62#primaryimage"},"thumbnailUrl":"https:\/\/casadelalumno.blogs.upv.es\/wp-content\/uploads\/2009\/09\/Sala_Juntas02-150x150.jpg","datePublished":"2009-09-11T07:10:04+00:00","dateModified":"2026-03-06T12:23:14+00:00","breadcrumb":{"@id":"https:\/\/casadelalumno.blogs.upv.es\/?page_id=62#breadcrumb"},"inLanguage":"es","potentialAction":[{"@type":"ReadAction","target":["https:\/\/casadelalumno.blogs.upv.es\/?page_id=62"]}]},{"@type":"ImageObject","inLanguage":"es","@id":"https:\/\/casadelalumno.blogs.upv.es\/?page_id=62#primaryimage","url":"https:\/\/casadelalumno.blogs.upv.es\/wp-content\/uploads\/2016\/10\/DSC_0025.jpg","contentUrl":"https:\/\/casadelalumno.blogs.upv.es\/wp-content\/uploads\/2016\/10\/DSC_0025.jpg","width":3216,"height":2136},{"@type":"BreadcrumbList","@id":"https:\/\/casadelalumno.blogs.upv.es\/?page_id=62#breadcrumb","itemListElement":[{"@type":"ListItem","position":1,"name":"Portada","item":"https:\/\/casadelalumno.blogs.upv.es\/"},{"@type":"ListItem","position":2,"name":"La Casa","item":"https:\/\/casadelalumno.blogs.upv.es\/"},{"@type":"ListItem","position":3,"name":"Instalaciones","item":"https:\/\/casadelalumno.blogs.upv.es\/?page_id=23"},{"@type":"ListItem","position":4,"name":"Planta Tercera"}]},{"@type":"WebSite","@id":"https:\/\/casadelalumno.blogs.upv.es\/#website","url":"https:\/\/casadelalumno.blogs.upv.es\/","name":"Casa del Estudiante","description":"P\u00e1gina web del CALUM de la UPV en Campus Vera","potentialAction":[{"@type":"SearchAction","target":{"@type":"EntryPoint","urlTemplate":"https:\/\/casadelalumno.blogs.upv.es\/?s={search_term_string}"},"query-input":{"@type":"PropertyValueSpecification","valueRequired":true,"valueName":"search_term_string"}}],"inLanguage":"es"}]}},"_links":{"self":[{"href":"https:\/\/casadelalumno.blogs.upv.es\/index.php?rest_route=\/wp\/v2\/pages\/62","targetHints":{"allow":["GET"]}}],"collection":[{"href":"https:\/\/casadelalumno.blogs.upv.es\/index.php?rest_route=\/wp\/v2\/pages"}],"about":[{"href":"https:\/\/casadelalumno.blogs.upv.es\/index.php?rest_route=\/wp\/v2\/types\/page"}],"author":[{"embeddable":true,"href":"https:\/\/casadelalumno.blogs.upv.es\/index.php?rest_route=\/wp\/v2\/users\/1"}],"replies":[{"embeddable":true,"href":"https:\/\/casadelalumno.blogs.upv.es\/index.php?rest_route=%2Fwp%2Fv2%2Fcomments&post=62"}],"version-history":[{"count":1,"href":"https:\/\/casadelalumno.blogs.upv.es\/index.php?rest_route=\/wp\/v2\/pages\/62\/revisions"}],"predecessor-version":[{"id":34279,"href":"https:\/\/casadelalumno.blogs.upv.es\/index.php?rest_route=\/wp\/v2\/pages\/62\/revisions\/34279"}],"up":[{"embeddable":true,"href":"https:\/\/casadelalumno.blogs.upv.es\/index.php?rest_route=\/wp\/v2\/pages\/23"}],"wp:attachment":[{"href":"https:\/\/casadelalumno.blogs.upv.es\/index.php?rest_route=%2Fwp%2Fv2%2Fmedia&parent=62"}],"curies":[{"name":"wp","href":"https:\/\/api.w.org\/{rel}","templated":true}]}}