{"id":5264,"date":"2015-11-09T14:05:10","date_gmt":"2015-11-09T13:05:10","guid":{"rendered":"http:\/\/casadelalumno.blogs.upv.es\/?page_id=5264"},"modified":"2025-03-06T12:41:30","modified_gmt":"2025-03-06T11:41:30","slug":"para-delegaciones-de-alumnos-y-asociaciones","status":"publish","type":"page","link":"https:\/\/casadelalumno.blogs.upv.es\/?page_id=5264","title":{"rendered":"Para delegaciones de estudiantes y asociaciones"},"content":{"rendered":"<p>Deber\u00e1s presentar el siguiente formulario de solicitud, cumplimentarlo y enviarlo a la siguiente direcci\u00f3n de correo electr\u00f3nico: <a style=\"text-decoration: none;color: blue\" href=\"mailto:casalum@ddaa.upv.es\">casalum@ddaa.upv.es<\/a><\/p>\n<p>Se responder\u00e1 un correo electr\u00f3nico confirmando disponibilidad e instrucciones.<\/p>\n<p><a style=\"text-decoration: none;color: blue\" href=\"https:\/\/casadelalumno.blogs.upv.es\/wp-content\/uploads\/2021\/10\/Plantilla_prestamo_material_2021.pdf\">Formulario de solicitud<\/a><\/p>\n<p>\n<table id=\"tablepress-2\" class=\"tablepress tablepress-id-2\">\n<thead>\n<tr class=\"row-1\">\n\t<th class=\"column-1\">DENOMINACI\u00d3N<\/th><th class=\"column-2\">IMAGEN DEL MATERIAL<\/th>\n<\/tr>\n<\/thead>\n<tbody class=\"row-hover\">\n<tr class=\"row-2\">\n\t<td class=\"column-1\">ALTAVOCES<\/td><td class=\"column-2\"><a href=\"https:\/\/casadelalumno.blogs.upv.es\/wp-content\/uploads\/2019\/06\/image001.jpg\"><img loading=\"lazy\" decoding=\"async\" src=\"https:\/\/casadelalumno.blogs.upv.es\/wp-content\/uploads\/2019\/06\/image001-300x225.jpg\" alt=\"\" width=\"300\" height=\"225\" class=\"alignleft size-medium wp-image-21080\" srcset=\"https:\/\/casadelalumno.blogs.upv.es\/wp-content\/uploads\/2019\/06\/image001-300x225.jpg 300w, https:\/\/casadelalumno.blogs.upv.es\/wp-content\/uploads\/2019\/06\/image001.jpg 740w\" sizes=\"auto, (max-width: 300px) 100vw, 300px\" \/><\/a><\/td>\n<\/tr>\n<tr class=\"row-3\">\n\t<td class=\"column-1\">ALARGADERAS DE 15 METROS<\/td><td class=\"column-2\"><a href=\"https:\/\/casadelalumno.blogs.upv.es\/wp-content\/uploads\/2019\/06\/image003.jpg\"><img loading=\"lazy\" decoding=\"async\" src=\"https:\/\/casadelalumno.blogs.upv.es\/wp-content\/uploads\/2019\/06\/image003-300x232.jpg\" alt=\"\" width=\"300\" height=\"232\" class=\"alignleft size-medium wp-image-21083\" srcset=\"https:\/\/casadelalumno.blogs.upv.es\/wp-content\/uploads\/2019\/06\/image003-300x232.jpg 300w, https:\/\/casadelalumno.blogs.upv.es\/wp-content\/uploads\/2019\/06\/image003.jpg 685w\" sizes=\"auto, (max-width: 300px) 100vw, 300px\" \/><\/a><\/td>\n<\/tr>\n<tr class=\"row-4\">\n\t<td class=\"column-1\">MICR\u00d3FONOS<\/td><td class=\"column-2\"><a href=\"https:\/\/casadelalumno.blogs.upv.es\/wp-content\/uploads\/2019\/06\/image005.jpg\"><img loading=\"lazy\" decoding=\"async\" src=\"https:\/\/casadelalumno.blogs.upv.es\/wp-content\/uploads\/2019\/06\/image005-300x224.jpg\" alt=\"\" width=\"300\" height=\"224\" class=\"alignleft size-medium wp-image-21086\" srcset=\"https:\/\/casadelalumno.blogs.upv.es\/wp-content\/uploads\/2019\/06\/image005-300x224.jpg 300w, https:\/\/casadelalumno.blogs.upv.es\/wp-content\/uploads\/2019\/06\/image005.jpg 715w\" sizes=\"auto, (max-width: 300px) 100vw, 300px\" \/><\/a><\/td>\n<\/tr>\n<tr class=\"row-5\">\n\t<td class=\"column-1\">ESTUFAS<\/td><td class=\"column-2\"><a href=\"https:\/\/casadelalumno.blogs.upv.es\/wp-content\/uploads\/2019\/06\/image007.png\"><img loading=\"lazy\" decoding=\"async\" src=\"https:\/\/casadelalumno.blogs.upv.es\/wp-content\/uploads\/2019\/06\/image007-210x300.png\" alt=\"\" width=\"210\" height=\"300\" class=\"alignleft size-medium wp-image-21131\" srcset=\"https:\/\/casadelalumno.blogs.upv.es\/wp-content\/uploads\/2019\/06\/image007-210x300.png 210w, https:\/\/casadelalumno.blogs.upv.es\/wp-content\/uploads\/2019\/06\/image007.png 297w\" sizes=\"auto, (max-width: 210px) 100vw, 210px\" \/><\/a><\/td>\n<\/tr>\n<tr class=\"row-6\">\n\t<td class=\"column-1\">PUNTERO L\u00c1SER<\/td><td class=\"column-2\"><a href=\"https:\/\/casadelalumno.blogs.upv.es\/wp-content\/uploads\/2019\/06\/image009.jpg\"><img loading=\"lazy\" decoding=\"async\" src=\"https:\/\/casadelalumno.blogs.upv.es\/wp-content\/uploads\/2019\/06\/image009-300x225.jpg\" alt=\"\" width=\"300\" height=\"225\" class=\"alignleft size-medium wp-image-21089\" srcset=\"https:\/\/casadelalumno.blogs.upv.es\/wp-content\/uploads\/2019\/06\/image009-300x225.jpg 300w, https:\/\/casadelalumno.blogs.upv.es\/wp-content\/uploads\/2019\/06\/image009-768x576.jpg 768w, https:\/\/casadelalumno.blogs.upv.es\/wp-content\/uploads\/2019\/06\/image009.jpg 962w\" sizes=\"auto, (max-width: 300px) 100vw, 300px\" \/><\/a><\/td>\n<\/tr>\n<tr class=\"row-7\">\n\t<td class=\"column-1\">TELEVISI\u00d3N<\/td><td class=\"column-2\"><a href=\"https:\/\/casadelalumno.blogs.upv.es\/wp-content\/uploads\/2019\/06\/image011.jpg\"><img loading=\"lazy\" decoding=\"async\" src=\"https:\/\/casadelalumno.blogs.upv.es\/wp-content\/uploads\/2019\/06\/image011-300x225.jpg\" alt=\"\" width=\"300\" height=\"225\" class=\"alignleft size-medium wp-image-21092\" srcset=\"https:\/\/casadelalumno.blogs.upv.es\/wp-content\/uploads\/2019\/06\/image011-300x225.jpg 300w, https:\/\/casadelalumno.blogs.upv.es\/wp-content\/uploads\/2019\/06\/image011-768x576.jpg 768w, https:\/\/casadelalumno.blogs.upv.es\/wp-content\/uploads\/2019\/06\/image011.jpg 828w\" sizes=\"auto, (max-width: 300px) 100vw, 300px\" \/><\/a><\/td>\n<\/tr>\n<tr class=\"row-8\">\n\t<td class=\"column-1\">PROYECTOR<\/td><td class=\"column-2\"><a href=\"https:\/\/casadelalumno.blogs.upv.es\/wp-content\/uploads\/2019\/06\/image013.jpg\"><img loading=\"lazy\" decoding=\"async\" src=\"https:\/\/casadelalumno.blogs.upv.es\/wp-content\/uploads\/2019\/06\/image013-300x225.jpg\" alt=\"\" width=\"300\" height=\"225\" class=\"alignleft size-medium wp-image-21095\" srcset=\"https:\/\/casadelalumno.blogs.upv.es\/wp-content\/uploads\/2019\/06\/image013-300x225.jpg 300w, https:\/\/casadelalumno.blogs.upv.es\/wp-content\/uploads\/2019\/06\/image013.jpg 726w\" sizes=\"auto, (max-width: 300px) 100vw, 300px\" \/><\/a><\/td>\n<\/tr>\n<tr class=\"row-9\">\n\t<td class=\"column-1\">CABLE HDMI<\/td><td class=\"column-2\"><a href=\"https:\/\/casadelalumno.blogs.upv.es\/wp-content\/uploads\/2019\/06\/image015.jpg\"><img loading=\"lazy\" decoding=\"async\" src=\"https:\/\/casadelalumno.blogs.upv.es\/wp-content\/uploads\/2019\/06\/image015-300x225.jpg\" alt=\"\" width=\"300\" height=\"225\" class=\"alignleft size-medium wp-image-21098\" srcset=\"https:\/\/casadelalumno.blogs.upv.es\/wp-content\/uploads\/2019\/06\/image015-300x225.jpg 300w, https:\/\/casadelalumno.blogs.upv.es\/wp-content\/uploads\/2019\/06\/image015-768x576.jpg 768w, https:\/\/casadelalumno.blogs.upv.es\/wp-content\/uploads\/2019\/06\/image015.jpg 899w\" sizes=\"auto, (max-width: 300px) 100vw, 300px\" \/><\/a><\/td>\n<\/tr>\n<tr class=\"row-10\">\n\t<td class=\"column-1\">NEVERA<\/td><td class=\"column-2\"><a href=\"https:\/\/casadelalumno.blogs.upv.es\/wp-content\/uploads\/2019\/06\/image017.jpg\"><img loading=\"lazy\" decoding=\"async\" src=\"https:\/\/casadelalumno.blogs.upv.es\/wp-content\/uploads\/2019\/06\/image017-300x225.jpg\" alt=\"\" width=\"300\" height=\"225\" class=\"alignleft size-medium wp-image-21101\" srcset=\"https:\/\/casadelalumno.blogs.upv.es\/wp-content\/uploads\/2019\/06\/image017-300x225.jpg 300w, https:\/\/casadelalumno.blogs.upv.es\/wp-content\/uploads\/2019\/06\/image017-768x576.jpg 768w, https:\/\/casadelalumno.blogs.upv.es\/wp-content\/uploads\/2019\/06\/image017.jpg 786w\" sizes=\"auto, (max-width: 300px) 100vw, 300px\" \/><\/a><\/td>\n<\/tr>\n<tr class=\"row-11\">\n\t<td class=\"column-1\">ESC\u00c1NER<\/td><td class=\"column-2\"><a href=\"https:\/\/casadelalumno.blogs.upv.es\/wp-content\/uploads\/2019\/06\/image019.jpg\"><img loading=\"lazy\" decoding=\"async\" src=\"https:\/\/casadelalumno.blogs.upv.es\/wp-content\/uploads\/2019\/06\/image019-300x225.jpg\" alt=\"\" width=\"300\" height=\"225\" class=\"alignleft size-medium wp-image-21104\" srcset=\"https:\/\/casadelalumno.blogs.upv.es\/wp-content\/uploads\/2019\/06\/image019-300x225.jpg 300w, https:\/\/casadelalumno.blogs.upv.es\/wp-content\/uploads\/2019\/06\/image019-768x576.jpg 768w, https:\/\/casadelalumno.blogs.upv.es\/wp-content\/uploads\/2019\/06\/image019-1024x768.jpg 1024w, https:\/\/casadelalumno.blogs.upv.es\/wp-content\/uploads\/2019\/06\/image019.jpg 1299w\" sizes=\"auto, (max-width: 300px) 100vw, 300px\" \/><\/a><\/td>\n<\/tr>\n<tr class=\"row-12\">\n\t<td class=\"column-1\">PIZARRA<\/td><td class=\"column-2\"><a href=\"https:\/\/casadelalumno.blogs.upv.es\/wp-content\/uploads\/2019\/06\/image021.jpg\"><img loading=\"lazy\" decoding=\"async\" src=\"https:\/\/casadelalumno.blogs.upv.es\/wp-content\/uploads\/2019\/06\/image021-199x300.jpg\" alt=\"\" width=\"199\" height=\"300\" class=\"alignleft size-medium wp-image-21107\" srcset=\"https:\/\/casadelalumno.blogs.upv.es\/wp-content\/uploads\/2019\/06\/image021-199x300.jpg 199w, https:\/\/casadelalumno.blogs.upv.es\/wp-content\/uploads\/2019\/06\/image021.jpg 600w\" sizes=\"auto, (max-width: 199px) 100vw, 199px\" \/><\/a><\/td>\n<\/tr>\n<tr class=\"row-13\">\n\t<td class=\"column-1\">PIZARRA CON RUEDAS<\/td><td class=\"column-2\"><a href=\"https:\/\/casadelalumno.blogs.upv.es\/wp-content\/uploads\/2019\/06\/image023.jpg\"><img loading=\"lazy\" decoding=\"async\" src=\"https:\/\/casadelalumno.blogs.upv.es\/wp-content\/uploads\/2019\/06\/image023-300x199.jpg\" alt=\"\" width=\"300\" height=\"199\" class=\"alignleft size-medium wp-image-21110\" srcset=\"https:\/\/casadelalumno.blogs.upv.es\/wp-content\/uploads\/2019\/06\/image023-300x199.jpg 300w, https:\/\/casadelalumno.blogs.upv.es\/wp-content\/uploads\/2019\/06\/image023.jpg 600w\" sizes=\"auto, (max-width: 300px) 100vw, 300px\" \/><\/a><\/td>\n<\/tr>\n<tr class=\"row-14\">\n\t<td class=\"column-1\">CARPA<\/td><td class=\"column-2\"><a href=\"https:\/\/casadelalumno.blogs.upv.es\/wp-content\/uploads\/2019\/06\/image025.jpg\"><img loading=\"lazy\" decoding=\"async\" src=\"https:\/\/casadelalumno.blogs.upv.es\/wp-content\/uploads\/2019\/06\/image025-300x199.jpg\" alt=\"\" width=\"300\" height=\"199\" class=\"alignleft size-medium wp-image-21113\" srcset=\"https:\/\/casadelalumno.blogs.upv.es\/wp-content\/uploads\/2019\/06\/image025-300x199.jpg 300w, https:\/\/casadelalumno.blogs.upv.es\/wp-content\/uploads\/2019\/06\/image025.jpg 600w\" sizes=\"auto, (max-width: 300px) 100vw, 300px\" \/><\/a><\/td>\n<\/tr>\n<tr class=\"row-15\">\n\t<td class=\"column-1\">ATRIL<\/td><td class=\"column-2\"><a href=\"https:\/\/casadelalumno.blogs.upv.es\/wp-content\/uploads\/2019\/06\/image027.jpg\"><img loading=\"lazy\" decoding=\"async\" src=\"https:\/\/casadelalumno.blogs.upv.es\/wp-content\/uploads\/2019\/06\/image027-199x300.jpg\" alt=\"\" width=\"199\" height=\"300\" class=\"alignleft size-medium wp-image-21116\" srcset=\"https:\/\/casadelalumno.blogs.upv.es\/wp-content\/uploads\/2019\/06\/image027-199x300.jpg 199w, https:\/\/casadelalumno.blogs.upv.es\/wp-content\/uploads\/2019\/06\/image027.jpg 600w\" sizes=\"auto, (max-width: 199px) 100vw, 199px\" \/><\/a><\/td>\n<\/tr>\n<tr class=\"row-16\">\n\t<td class=\"column-1\">CABALLETE<\/td><td class=\"column-2\"><a href=\"https:\/\/casadelalumno.blogs.upv.es\/wp-content\/uploads\/2019\/06\/image029.jpg\"><img loading=\"lazy\" decoding=\"async\" src=\"https:\/\/casadelalumno.blogs.upv.es\/wp-content\/uploads\/2019\/06\/image029-199x300.jpg\" alt=\"\" width=\"199\" height=\"300\" class=\"alignleft size-medium wp-image-21119\" srcset=\"https:\/\/casadelalumno.blogs.upv.es\/wp-content\/uploads\/2019\/06\/image029-199x300.jpg 199w, https:\/\/casadelalumno.blogs.upv.es\/wp-content\/uploads\/2019\/06\/image029.jpg 600w\" sizes=\"auto, (max-width: 199px) 100vw, 199px\" \/><\/a><\/td>\n<\/tr>\n<tr class=\"row-17\">\n\t<td class=\"column-1\">PANTALLA PROYECTOR<\/td><td class=\"column-2\"><a href=\"https:\/\/casadelalumno.blogs.upv.es\/wp-content\/uploads\/2019\/06\/image031.jpg\"><img loading=\"lazy\" decoding=\"async\" src=\"https:\/\/casadelalumno.blogs.upv.es\/wp-content\/uploads\/2019\/06\/image031-300x199.jpg\" alt=\"\" width=\"300\" height=\"199\" class=\"alignleft size-medium wp-image-21122\" srcset=\"https:\/\/casadelalumno.blogs.upv.es\/wp-content\/uploads\/2019\/06\/image031-300x199.jpg 300w, https:\/\/casadelalumno.blogs.upv.es\/wp-content\/uploads\/2019\/06\/image031.jpg 600w\" sizes=\"auto, (max-width: 300px) 100vw, 300px\" \/><\/a><\/td>\n<\/tr>\n<tr class=\"row-18\">\n\t<td class=\"column-1\">EQUIPO DE MEGAFON\u00cdA<\/td><td class=\"column-2\"><a href=\"https:\/\/casadelalumno.blogs.upv.es\/wp-content\/uploads\/2019\/06\/image033.jpg\"><img loading=\"lazy\" decoding=\"async\" src=\"https:\/\/casadelalumno.blogs.upv.es\/wp-content\/uploads\/2019\/06\/image033-199x300.jpg\" alt=\"\" width=\"199\" height=\"300\" class=\"alignleft size-medium wp-image-21125\" srcset=\"https:\/\/casadelalumno.blogs.upv.es\/wp-content\/uploads\/2019\/06\/image033-199x300.jpg 199w, https:\/\/casadelalumno.blogs.upv.es\/wp-content\/uploads\/2019\/06\/image033.jpg 600w\" sizes=\"auto, (max-width: 199px) 100vw, 199px\" \/><\/a><\/td>\n<\/tr>\n<\/tbody>\n<\/table>\n<!-- #tablepress-2 from cache --><\/p>","protected":false},"excerpt":{"rendered":"<p>Deber\u00e1s presentar el siguiente formulario de solicitud, cumplimentarlo y enviarlo a la siguiente direcci\u00f3n de correo electr\u00f3nico: casalum@ddaa.upv.es Se responder\u00e1 un correo electr\u00f3nico confirmando disponibilidad e instrucciones. Formulario de solicitud<\/p>\n","protected":false},"author":54796,"featured_media":0,"parent":5256,"menu_order":0,"comment_status":"closed","ping_status":"closed","template":"","meta":{"ngg_post_thumbnail":0,"footnotes":""},"class_list":["post-5264","page","type-page","status-publish","hentry"],"yoast_head":"<!-- This site is optimized with the Yoast SEO plugin v27.6 - https:\/\/yoast.com\/product\/yoast-seo-wordpress\/ -->\n<title>Para delegaciones de estudiantes y asociaciones - Casa del Estudiante<\/title>\n<meta name=\"robots\" content=\"index, follow, max-snippet:-1, max-image-preview:large, max-video-preview:-1\" \/>\n<link rel=\"canonical\" href=\"https:\/\/casadelalumno.blogs.upv.es\/?page_id=5264\" \/>\n<meta property=\"og:locale\" content=\"es_ES\" \/>\n<meta property=\"og:type\" content=\"article\" \/>\n<meta property=\"og:title\" content=\"[:es]Para delegaciones de estudiantes y asociaciones[:vl]Per a delegacions d&#039;alumnes i associacions[:en]For delegations of students and associations[:] - Casa del Estudiante\" \/>\n<meta property=\"og:description\" content=\"Deber\u00e1s presentar el siguiente formulario de solicitud, cumplimentarlo y enviarlo a la siguiente direcci\u00f3n de correo electr\u00f3nico: casalum@ddaa.upv.es Se responder\u00e1 un correo electr\u00f3nico confirmando disponibilidad e instrucciones. Formulario de solicitud\" \/>\n<meta property=\"og:url\" content=\"https:\/\/casadelalumno.blogs.upv.es\/?page_id=5264\" \/>\n<meta property=\"og:site_name\" content=\"Casa del Estudiante\" \/>\n<meta property=\"article:modified_time\" content=\"2025-03-06T11:41:30+00:00\" \/>\n<meta name=\"twitter:card\" content=\"summary_large_image\" \/>\n<meta name=\"twitter:label1\" content=\"Tiempo de lectura\" \/>\n\t<meta name=\"twitter:data1\" content=\"1 minuto\" \/>\n<script type=\"application\/ld+json\" class=\"yoast-schema-graph\">{\"@context\":\"https:\\\/\\\/schema.org\",\"@graph\":[{\"@type\":\"WebPage\",\"@id\":\"https:\\\/\\\/casadelalumno.blogs.upv.es\\\/?page_id=5264\",\"url\":\"https:\\\/\\\/casadelalumno.blogs.upv.es\\\/?page_id=5264\",\"name\":\"[:es]Para delegaciones de estudiantes y asociaciones[:vl]Per a delegacions d'alumnes i associacions[:en]For delegations of students and associations[:] - Casa del Estudiante\",\"isPartOf\":{\"@id\":\"https:\\\/\\\/casadelalumno.blogs.upv.es\\\/#website\"},\"datePublished\":\"2015-11-09T13:05:10+00:00\",\"dateModified\":\"2025-03-06T11:41:30+00:00\",\"breadcrumb\":{\"@id\":\"https:\\\/\\\/casadelalumno.blogs.upv.es\\\/?page_id=5264#breadcrumb\"},\"inLanguage\":\"es\",\"potentialAction\":[{\"@type\":\"ReadAction\",\"target\":[\"https:\\\/\\\/casadelalumno.blogs.upv.es\\\/?page_id=5264\"]}]},{\"@type\":\"BreadcrumbList\",\"@id\":\"https:\\\/\\\/casadelalumno.blogs.upv.es\\\/?page_id=5264#breadcrumb\",\"itemListElement\":[{\"@type\":\"ListItem\",\"position\":1,\"name\":\"Portada\",\"item\":\"https:\\\/\\\/casadelalumno.blogs.upv.es\\\/\"},{\"@type\":\"ListItem\",\"position\":2,\"name\":\"Servicios\",\"item\":\"https:\\\/\\\/casadelalumno.blogs.upv.es\\\/?page_id=36\"},{\"@type\":\"ListItem\",\"position\":3,\"name\":\"Pr\u00e9stamo de Material\",\"item\":\"https:\\\/\\\/casadelalumno.blogs.upv.es\\\/?page_id=5256\"},{\"@type\":\"ListItem\",\"position\":4,\"name\":\"Para delegaciones de estudiantes y asociaciones\"}]},{\"@type\":\"WebSite\",\"@id\":\"https:\\\/\\\/casadelalumno.blogs.upv.es\\\/#website\",\"url\":\"https:\\\/\\\/casadelalumno.blogs.upv.es\\\/\",\"name\":\"Casa del Estudiante\",\"description\":\"P\u00e1gina web del CALUM de la UPV en Campus Vera\",\"potentialAction\":[{\"@type\":\"SearchAction\",\"target\":{\"@type\":\"EntryPoint\",\"urlTemplate\":\"https:\\\/\\\/casadelalumno.blogs.upv.es\\\/?s={search_term_string}\"},\"query-input\":{\"@type\":\"PropertyValueSpecification\",\"valueRequired\":true,\"valueName\":\"search_term_string\"}}],\"inLanguage\":\"es\"}]}<\/script>\n<!-- \/ Yoast SEO plugin. -->","yoast_head_json":{"title":"[:es]Para delegaciones de estudiantes y asociaciones[:vl]Per a delegacions d'alumnes i associacions[:en]For delegations of students and associations[:] - Casa del Estudiante","robots":{"index":"index","follow":"follow","max-snippet":"max-snippet:-1","max-image-preview":"max-image-preview:large","max-video-preview":"max-video-preview:-1"},"canonical":"https:\/\/casadelalumno.blogs.upv.es\/?page_id=5264","og_locale":"es_ES","og_type":"article","og_title":"[:es]Para delegaciones de estudiantes y asociaciones[:vl]Per a delegacions d'alumnes i associacions[:en]For delegations of students and associations[:] - Casa del Estudiante","og_description":"Deber\u00e1s presentar el siguiente formulario de solicitud, cumplimentarlo y enviarlo a la siguiente direcci\u00f3n de correo electr\u00f3nico: casalum@ddaa.upv.es Se responder\u00e1 un correo electr\u00f3nico confirmando disponibilidad e instrucciones. Formulario de solicitud","og_url":"https:\/\/casadelalumno.blogs.upv.es\/?page_id=5264","og_site_name":"Casa del Estudiante","article_modified_time":"2025-03-06T11:41:30+00:00","twitter_card":"summary_large_image","twitter_misc":{"Tiempo de lectura":"1 minuto"},"schema":{"@context":"https:\/\/schema.org","@graph":[{"@type":"WebPage","@id":"https:\/\/casadelalumno.blogs.upv.es\/?page_id=5264","url":"https:\/\/casadelalumno.blogs.upv.es\/?page_id=5264","name":"[:es]Para delegaciones de estudiantes y asociaciones[:vl]Per a delegacions d'alumnes i associacions[:en]For delegations of students and associations[:] - Casa del Estudiante","isPartOf":{"@id":"https:\/\/casadelalumno.blogs.upv.es\/#website"},"datePublished":"2015-11-09T13:05:10+00:00","dateModified":"2025-03-06T11:41:30+00:00","breadcrumb":{"@id":"https:\/\/casadelalumno.blogs.upv.es\/?page_id=5264#breadcrumb"},"inLanguage":"es","potentialAction":[{"@type":"ReadAction","target":["https:\/\/casadelalumno.blogs.upv.es\/?page_id=5264"]}]},{"@type":"BreadcrumbList","@id":"https:\/\/casadelalumno.blogs.upv.es\/?page_id=5264#breadcrumb","itemListElement":[{"@type":"ListItem","position":1,"name":"Portada","item":"https:\/\/casadelalumno.blogs.upv.es\/"},{"@type":"ListItem","position":2,"name":"Servicios","item":"https:\/\/casadelalumno.blogs.upv.es\/?page_id=36"},{"@type":"ListItem","position":3,"name":"Pr\u00e9stamo de Material","item":"https:\/\/casadelalumno.blogs.upv.es\/?page_id=5256"},{"@type":"ListItem","position":4,"name":"Para delegaciones de estudiantes y asociaciones"}]},{"@type":"WebSite","@id":"https:\/\/casadelalumno.blogs.upv.es\/#website","url":"https:\/\/casadelalumno.blogs.upv.es\/","name":"Casa del Estudiante","description":"P\u00e1gina web del CALUM de la UPV en Campus Vera","potentialAction":[{"@type":"SearchAction","target":{"@type":"EntryPoint","urlTemplate":"https:\/\/casadelalumno.blogs.upv.es\/?s={search_term_string}"},"query-input":{"@type":"PropertyValueSpecification","valueRequired":true,"valueName":"search_term_string"}}],"inLanguage":"es"}]}},"_links":{"self":[{"href":"https:\/\/casadelalumno.blogs.upv.es\/index.php?rest_route=\/wp\/v2\/pages\/5264","targetHints":{"allow":["GET"]}}],"collection":[{"href":"https:\/\/casadelalumno.blogs.upv.es\/index.php?rest_route=\/wp\/v2\/pages"}],"about":[{"href":"https:\/\/casadelalumno.blogs.upv.es\/index.php?rest_route=\/wp\/v2\/types\/page"}],"author":[{"embeddable":true,"href":"https:\/\/casadelalumno.blogs.upv.es\/index.php?rest_route=\/wp\/v2\/users\/54796"}],"replies":[{"embeddable":true,"href":"https:\/\/casadelalumno.blogs.upv.es\/index.php?rest_route=%2Fwp%2Fv2%2Fcomments&post=5264"}],"version-history":[{"count":2,"href":"https:\/\/casadelalumno.blogs.upv.es\/index.php?rest_route=\/wp\/v2\/pages\/5264\/revisions"}],"predecessor-version":[{"id":33365,"href":"https:\/\/casadelalumno.blogs.upv.es\/index.php?rest_route=\/wp\/v2\/pages\/5264\/revisions\/33365"}],"up":[{"embeddable":true,"href":"https:\/\/casadelalumno.blogs.upv.es\/index.php?rest_route=\/wp\/v2\/pages\/5256"}],"wp:attachment":[{"href":"https:\/\/casadelalumno.blogs.upv.es\/index.php?rest_route=%2Fwp%2Fv2%2Fmedia&parent=5264"}],"curies":[{"name":"wp","href":"https:\/\/api.w.org\/{rel}","templated":true}]}}