{"id":5262,"date":"2015-11-09T14:09:37","date_gmt":"2015-11-09T13:09:37","guid":{"rendered":"http:\/\/casadelalumno.blogs.upv.es\/?page_id=5262"},"modified":"2018-11-15T11:40:17","modified_gmt":"2018-11-15T10:40:17","slug":"para-todos-los-alumnos","status":"publish","type":"page","link":"https:\/\/casadelalumno.blogs.upv.es\/?page_id=5262","title":{"rendered":"Para todos los alumnos"},"content":{"rendered":"<p>El material se pide en el Punto de Atenci\u00f3n de la Casa del Alumno, planta baja de la Casa del Alumno, en horario de lunes a viernes de 09:00 a 21:00 horas.<\/p>\n<p>Hace falta traer el Carn\u00e9 de Alumno UPV.<\/p>\n<p>El pr\u00e9stamo es para un d\u00eda.<\/p>\n<p>\n<table id=\"tablepress-1\" class=\"tablepress tablepress-id-1\">\n<thead>\n<tr class=\"row-1\">\n\t<th class=\"column-1\"><b>Nombre<\/th><th class=\"column-2\"><b>C\u00f3digo de Barras<\/th><th class=\"column-3\"><b>Cantidad<\/th>\n<\/tr>\n<\/thead>\n<tbody class=\"row-striping row-hover\">\n<tr class=\"row-2\">\n\t<td class=\"column-1\">Altavoces Blancos<\/td><td class=\"column-2\">100100<\/td><td class=\"column-3\">1<\/td>\n<\/tr>\n<tr class=\"row-3\">\n\t<td class=\"column-1\">Cable HDMI<\/td><td class=\"column-2\">100154<\/td><td class=\"column-3\">1<\/td>\n<\/tr>\n<tr class=\"row-4\">\n\t<td class=\"column-1\">Cable VGA<\/td><td class=\"column-2\">100027<\/td><td class=\"column-3\">1<\/td>\n<\/tr>\n<tr class=\"row-5\">\n\t<td class=\"column-1\">Cargador para Movil<\/td><td class=\"column-2\">100146<\/td><td class=\"column-3\">1<\/td>\n<\/tr>\n<tr class=\"row-6\">\n\t<td class=\"column-1\">Cargador para Port\u00e1til <\/td><td class=\"column-2\">100147<\/td><td class=\"column-3\">2<\/td>\n<\/tr>\n<tr class=\"row-7\">\n\t<td class=\"column-1\">Escaner_01<\/td><td class=\"column-2\">100049<\/td><td class=\"column-3\">1<\/td>\n<\/tr>\n<tr class=\"row-8\">\n\t<td class=\"column-1\">Estufa_01<\/td><td class=\"column-2\">100142<\/td><td class=\"column-3\">1<\/td>\n<\/tr>\n<tr class=\"row-9\">\n\t<td class=\"column-1\">Estufa_02<\/td><td class=\"column-2\">100143<\/td><td class=\"column-3\">1<\/td>\n<\/tr>\n<tr class=\"row-10\">\n\t<td class=\"column-1\">Ladr\u00f3n Red El\u00e9ctrica_01<\/td><td class=\"column-2\">100058<\/td><td class=\"column-3\">1<\/td>\n<\/tr>\n<tr class=\"row-11\">\n\t<td class=\"column-1\">Ladr\u00f3n Red El\u00e9ctrica_02<\/td><td class=\"column-2\">100059<\/td><td class=\"column-3\">1<\/td>\n<\/tr>\n<tr class=\"row-12\">\n\t<td class=\"column-1\">Ladr\u00f3n Red El\u00e9ctrica_03<\/td><td class=\"column-2\">100060<\/td><td class=\"column-3\">1<\/td>\n<\/tr>\n<tr class=\"row-13\">\n\t<td class=\"column-1\">Ladr\u00f3n Red El\u00e9ctrica_04<\/td><td class=\"column-2\">100061<\/td><td class=\"column-3\">1<\/td>\n<\/tr>\n<tr class=\"row-14\">\n\t<td class=\"column-1\">Ladr\u00f3n Red El\u00e9ctrica_05<\/td><td class=\"column-2\">100062<\/td><td class=\"column-3\">1<\/td>\n<\/tr>\n<tr class=\"row-15\">\n\t<td class=\"column-1\">Ladr\u00f3n Red El\u00e9ctrica_06<\/td><td class=\"column-2\">100063<\/td><td class=\"column-3\">1<\/td>\n<\/tr>\n<tr class=\"row-16\">\n\t<td class=\"column-1\">Ladr\u00f3n Red El\u00e9ctrica_07<\/td><td class=\"column-2\">100064<\/td><td class=\"column-3\">1<\/td>\n<\/tr>\n<tr class=\"row-17\">\n\t<td class=\"column-1\">Ladr\u00f3n Red El\u00e9ctrica_08<\/td><td class=\"column-2\">100065<\/td><td class=\"column-3\">1<\/td>\n<\/tr>\n<tr class=\"row-18\">\n\t<td class=\"column-1\">Ladr\u00f3n Red El\u00e9ctrica_09<\/td><td class=\"column-2\">100066<\/td><td class=\"column-3\">1<\/td>\n<\/tr>\n<tr class=\"row-19\">\n\t<td class=\"column-1\">Ladr\u00f3n Red El\u00e9ctrica_10<\/td><td class=\"column-2\">100067<\/td><td class=\"column-3\">1<\/td>\n<\/tr>\n<tr class=\"row-20\">\n\t<td class=\"column-1\">Ladr\u00f3n Red El\u00e9ctrica_11<\/td><td class=\"column-2\">100068<\/td><td class=\"column-3\">1<\/td>\n<\/tr>\n<tr class=\"row-21\">\n\t<td class=\"column-1\">Ladr\u00f3n Red El\u00e9ctrica_12<\/td><td class=\"column-2\">100133<\/td><td class=\"column-3\">1<\/td>\n<\/tr>\n<tr class=\"row-22\">\n\t<td class=\"column-1\">Ladr\u00f3n Red El\u00e9ctrica_13<\/td><td class=\"column-2\">100134<\/td><td class=\"column-3\">1<\/td>\n<\/tr>\n<tr class=\"row-23\">\n\t<td class=\"column-1\">Ladr\u00f3n Red El\u00e9ctrica_14<\/td><td class=\"column-2\">100135<\/td><td class=\"column-3\">1<\/td>\n<\/tr>\n<tr class=\"row-24\">\n\t<td class=\"column-1\">Ladr\u00f3n Red El\u00e9ctrica_15<\/td><td class=\"column-2\">100136<\/td><td class=\"column-3\">1<\/td>\n<\/tr>\n<tr class=\"row-25\">\n\t<td class=\"column-1\">Ladr\u00f3n Red El\u00e9ctrica_16<\/td><td class=\"column-2\">100137<\/td><td class=\"column-3\">1<\/td>\n<\/tr>\n<tr class=\"row-26\">\n\t<td class=\"column-1\">Ladr\u00f3n Red El\u00e9ctrica_17<\/td><td class=\"column-2\">100138<\/td><td class=\"column-3\">1<\/td>\n<\/tr>\n<tr class=\"row-27\">\n\t<td class=\"column-1\">Ladr\u00f3n Red El\u00e9ctrica_18<\/td><td class=\"column-2\">100139<\/td><td class=\"column-3\">1<\/td>\n<\/tr>\n<tr class=\"row-28\">\n\t<td class=\"column-1\">Ladr\u00f3n Red El\u00e9ctrica_19<\/td><td class=\"column-2\">100140<\/td><td class=\"column-3\">1<\/td>\n<\/tr>\n<tr class=\"row-29\">\n\t<td class=\"column-1\">Ladr\u00f3n Red El\u00e9ctrica_20<\/td><td class=\"column-2\">100141<\/td><td class=\"column-3\">1<\/td>\n<\/tr>\n<tr class=\"row-30\">\n\t<td class=\"column-1\">Ladr\u00f3n Red El\u00e9ctrica_21<\/td><td class=\"column-2\">100142<\/td><td class=\"column-3\">1<\/td>\n<\/tr>\n<tr class=\"row-31\">\n\t<td class=\"column-1\">Ladr\u00f3n Red El\u00e9ctrica_22<\/td><td class=\"column-2\">100143<\/td><td class=\"column-3\">1<\/td>\n<\/tr>\n<tr class=\"row-32\">\n\t<td class=\"column-1\">Mandos TV y TDT<\/td><td class=\"column-2\">100069<\/td><td class=\"column-3\">1<\/td>\n<\/tr>\n<tr class=\"row-33\">\n\t<td class=\"column-1\">Mesa de Corte<\/td><td class=\"column-2\">100148<\/td><td class=\"column-3\">1<\/td>\n<\/tr>\n<tr class=\"row-34\">\n\t<td class=\"column-1\">Proyector<\/td><td class=\"column-2\">100149<\/td><td class=\"column-3\">1<\/td>\n<\/tr>\n<tr class=\"row-35\">\n\t<td class=\"column-1\">Puntero L\u00e1ser (Presenter)<\/td><td class=\"column-2\">100157<\/td><td class=\"column-3\">1<\/td>\n<\/tr>\n<tr class=\"row-36\">\n\t<td class=\"column-1\">Rat\u00f3n<\/td><td class=\"column-2\">100125<\/td><td class=\"column-3\">4<\/td>\n<\/tr>\n<tr class=\"row-37\">\n\t<td class=\"column-1\">Rotuladores Pizarra_01<\/td><td class=\"column-2\">100088<\/td><td class=\"column-3\">1<\/td>\n<\/tr>\n<tr class=\"row-38\">\n\t<td class=\"column-1\">Rotuladores Pizarra_02<\/td><td class=\"column-2\">100089<\/td><td class=\"column-3\">1<\/td>\n<\/tr>\n<tr class=\"row-39\">\n\t<td class=\"column-1\">Rotuladores Pizarra_03<\/td><td class=\"column-2\">100090<\/td><td class=\"column-3\">1<\/td>\n<\/tr>\n<tr class=\"row-40\">\n\t<td class=\"column-1\">Rotuladores Pizarra_04<\/td><td class=\"column-2\">100096<\/td><td class=\"column-3\">1<\/td>\n<\/tr>\n<tr class=\"row-41\">\n\t<td class=\"column-1\">Tapete de Cortar_1<\/td><td class=\"column-2\">100101<\/td><td class=\"column-3\">1<\/td>\n<\/tr>\n<tr class=\"row-42\">\n\t<td class=\"column-1\">Tapete de Cortar_2<\/td><td class=\"column-2\">100102<\/td><td class=\"column-3\">1<\/td>\n<\/tr>\n<tr class=\"row-43\">\n\t<td class=\"column-1\">Tapete de Cortar_3<\/td><td class=\"column-2\">100114<\/td><td class=\"column-3\">1<\/td>\n<\/tr>\n<tr class=\"row-44\">\n\t<td class=\"column-1\">Tapete de Cortar_4<\/td><td class=\"column-2\">100116<\/td><td class=\"column-3\">1<\/td>\n<\/tr>\n<\/tbody>\n<\/table>\n<!-- #tablepress-1 from cache --><\/p>","protected":false},"excerpt":{"rendered":"<p>El material se pide en el Punto de Atenci\u00f3n de la Casa del Alumno, planta baja de la Casa del Alumno, en horario de lunes a viernes de 09:00 a 21:00 horas. Hace falta traer el Carn\u00e9 de Alumno UPV. El pr\u00e9stamo es para un d\u00eda.<\/p>\n","protected":false},"author":39773,"featured_media":0,"parent":5256,"menu_order":0,"comment_status":"closed","ping_status":"closed","template":"","meta":{"ngg_post_thumbnail":0,"footnotes":""},"class_list":["post-5262","page","type-page","status-publish","hentry"],"yoast_head":"<!-- This site is optimized with the Yoast SEO plugin v27.3 - https:\/\/yoast.com\/product\/yoast-seo-wordpress\/ -->\n<title>Para todos los alumnos - Casa del Estudiante<\/title>\n<meta name=\"robots\" content=\"index, follow, max-snippet:-1, max-image-preview:large, max-video-preview:-1\" \/>\n<link rel=\"canonical\" href=\"https:\/\/casadelalumno.blogs.upv.es\/?page_id=5262\" \/>\n<meta property=\"og:locale\" content=\"es_ES\" \/>\n<meta property=\"og:type\" content=\"article\" \/>\n<meta property=\"og:title\" content=\"[:es]Para todos los alumnos[:vl]Per a tot els alumnes[:en]For all students[:] - Casa del Estudiante\" \/>\n<meta property=\"og:description\" content=\"El material se pide en el Punto de Atenci\u00f3n de la Casa del Alumno, planta baja de la Casa del Alumno, en horario de lunes a viernes de 09:00 a 21:00 horas. Hace falta traer el Carn\u00e9 de Alumno UPV. El pr\u00e9stamo es para un d\u00eda.\" \/>\n<meta property=\"og:url\" content=\"https:\/\/casadelalumno.blogs.upv.es\/?page_id=5262\" \/>\n<meta property=\"og:site_name\" content=\"Casa del Estudiante\" \/>\n<meta property=\"article:modified_time\" content=\"2018-11-15T10:40:17+00:00\" \/>\n<meta name=\"twitter:card\" content=\"summary_large_image\" \/>\n<meta name=\"twitter:label1\" content=\"Tiempo de lectura\" \/>\n\t<meta name=\"twitter:data1\" content=\"1 minuto\" \/>\n<script type=\"application\/ld+json\" class=\"yoast-schema-graph\">{\"@context\":\"https:\\\/\\\/schema.org\",\"@graph\":[{\"@type\":\"WebPage\",\"@id\":\"https:\\\/\\\/casadelalumno.blogs.upv.es\\\/?page_id=5262\",\"url\":\"https:\\\/\\\/casadelalumno.blogs.upv.es\\\/?page_id=5262\",\"name\":\"[:es]Para todos los alumnos[:vl]Per a tot els alumnes[:en]For all students[:] - Casa del Estudiante\",\"isPartOf\":{\"@id\":\"https:\\\/\\\/casadelalumno.blogs.upv.es\\\/#website\"},\"datePublished\":\"2015-11-09T13:09:37+00:00\",\"dateModified\":\"2018-11-15T10:40:17+00:00\",\"breadcrumb\":{\"@id\":\"https:\\\/\\\/casadelalumno.blogs.upv.es\\\/?page_id=5262#breadcrumb\"},\"inLanguage\":\"es\",\"potentialAction\":[{\"@type\":\"ReadAction\",\"target\":[\"https:\\\/\\\/casadelalumno.blogs.upv.es\\\/?page_id=5262\"]}]},{\"@type\":\"BreadcrumbList\",\"@id\":\"https:\\\/\\\/casadelalumno.blogs.upv.es\\\/?page_id=5262#breadcrumb\",\"itemListElement\":[{\"@type\":\"ListItem\",\"position\":1,\"name\":\"Portada\",\"item\":\"https:\\\/\\\/casadelalumno.blogs.upv.es\\\/\"},{\"@type\":\"ListItem\",\"position\":2,\"name\":\"Servicios\",\"item\":\"https:\\\/\\\/casadelalumno.blogs.upv.es\\\/?page_id=36\"},{\"@type\":\"ListItem\",\"position\":3,\"name\":\"Pr\u00e9stamo de Material\",\"item\":\"https:\\\/\\\/casadelalumno.blogs.upv.es\\\/?page_id=5256\"},{\"@type\":\"ListItem\",\"position\":4,\"name\":\"Para todos los alumnos\"}]},{\"@type\":\"WebSite\",\"@id\":\"https:\\\/\\\/casadelalumno.blogs.upv.es\\\/#website\",\"url\":\"https:\\\/\\\/casadelalumno.blogs.upv.es\\\/\",\"name\":\"Casa del Estudiante\",\"description\":\"P\u00e1gina web del CALUM de la UPV en Campus Vera\",\"potentialAction\":[{\"@type\":\"SearchAction\",\"target\":{\"@type\":\"EntryPoint\",\"urlTemplate\":\"https:\\\/\\\/casadelalumno.blogs.upv.es\\\/?s={search_term_string}\"},\"query-input\":{\"@type\":\"PropertyValueSpecification\",\"valueRequired\":true,\"valueName\":\"search_term_string\"}}],\"inLanguage\":\"es\"}]}<\/script>\n<!-- \/ Yoast SEO plugin. -->","yoast_head_json":{"title":"[:es]Para todos los alumnos[:vl]Per a tot els alumnes[:en]For all students[:] - Casa del Estudiante","robots":{"index":"index","follow":"follow","max-snippet":"max-snippet:-1","max-image-preview":"max-image-preview:large","max-video-preview":"max-video-preview:-1"},"canonical":"https:\/\/casadelalumno.blogs.upv.es\/?page_id=5262","og_locale":"es_ES","og_type":"article","og_title":"[:es]Para todos los alumnos[:vl]Per a tot els alumnes[:en]For all students[:] - Casa del Estudiante","og_description":"El material se pide en el Punto de Atenci\u00f3n de la Casa del Alumno, planta baja de la Casa del Alumno, en horario de lunes a viernes de 09:00 a 21:00 horas. Hace falta traer el Carn\u00e9 de Alumno UPV. El pr\u00e9stamo es para un d\u00eda.","og_url":"https:\/\/casadelalumno.blogs.upv.es\/?page_id=5262","og_site_name":"Casa del Estudiante","article_modified_time":"2018-11-15T10:40:17+00:00","twitter_card":"summary_large_image","twitter_misc":{"Tiempo de lectura":"1 minuto"},"schema":{"@context":"https:\/\/schema.org","@graph":[{"@type":"WebPage","@id":"https:\/\/casadelalumno.blogs.upv.es\/?page_id=5262","url":"https:\/\/casadelalumno.blogs.upv.es\/?page_id=5262","name":"[:es]Para todos los alumnos[:vl]Per a tot els alumnes[:en]For all students[:] - Casa del Estudiante","isPartOf":{"@id":"https:\/\/casadelalumno.blogs.upv.es\/#website"},"datePublished":"2015-11-09T13:09:37+00:00","dateModified":"2018-11-15T10:40:17+00:00","breadcrumb":{"@id":"https:\/\/casadelalumno.blogs.upv.es\/?page_id=5262#breadcrumb"},"inLanguage":"es","potentialAction":[{"@type":"ReadAction","target":["https:\/\/casadelalumno.blogs.upv.es\/?page_id=5262"]}]},{"@type":"BreadcrumbList","@id":"https:\/\/casadelalumno.blogs.upv.es\/?page_id=5262#breadcrumb","itemListElement":[{"@type":"ListItem","position":1,"name":"Portada","item":"https:\/\/casadelalumno.blogs.upv.es\/"},{"@type":"ListItem","position":2,"name":"Servicios","item":"https:\/\/casadelalumno.blogs.upv.es\/?page_id=36"},{"@type":"ListItem","position":3,"name":"Pr\u00e9stamo de Material","item":"https:\/\/casadelalumno.blogs.upv.es\/?page_id=5256"},{"@type":"ListItem","position":4,"name":"Para todos los alumnos"}]},{"@type":"WebSite","@id":"https:\/\/casadelalumno.blogs.upv.es\/#website","url":"https:\/\/casadelalumno.blogs.upv.es\/","name":"Casa del Estudiante","description":"P\u00e1gina web del CALUM de la UPV en Campus Vera","potentialAction":[{"@type":"SearchAction","target":{"@type":"EntryPoint","urlTemplate":"https:\/\/casadelalumno.blogs.upv.es\/?s={search_term_string}"},"query-input":{"@type":"PropertyValueSpecification","valueRequired":true,"valueName":"search_term_string"}}],"inLanguage":"es"}]}},"_links":{"self":[{"href":"https:\/\/casadelalumno.blogs.upv.es\/index.php?rest_route=\/wp\/v2\/pages\/5262","targetHints":{"allow":["GET"]}}],"collection":[{"href":"https:\/\/casadelalumno.blogs.upv.es\/index.php?rest_route=\/wp\/v2\/pages"}],"about":[{"href":"https:\/\/casadelalumno.blogs.upv.es\/index.php?rest_route=\/wp\/v2\/types\/page"}],"author":[{"embeddable":true,"href":"https:\/\/casadelalumno.blogs.upv.es\/index.php?rest_route=\/wp\/v2\/users\/39773"}],"replies":[{"embeddable":true,"href":"https:\/\/casadelalumno.blogs.upv.es\/index.php?rest_route=%2Fwp%2Fv2%2Fcomments&post=5262"}],"version-history":[{"count":0,"href":"https:\/\/casadelalumno.blogs.upv.es\/index.php?rest_route=\/wp\/v2\/pages\/5262\/revisions"}],"up":[{"embeddable":true,"href":"https:\/\/casadelalumno.blogs.upv.es\/index.php?rest_route=\/wp\/v2\/pages\/5256"}],"wp:attachment":[{"href":"https:\/\/casadelalumno.blogs.upv.es\/index.php?rest_route=%2Fwp%2Fv2%2Fmedia&parent=5262"}],"curies":[{"name":"wp","href":"https:\/\/api.w.org\/{rel}","templated":true}]}}