{"id":4,"date":"2009-09-10T09:33:21","date_gmt":"2009-09-10T08:33:21","guid":{"rendered":"http:\/\/casadelalumno.blogs.upv.es\/?page_id=4"},"modified":"2025-02-10T11:32:27","modified_gmt":"2025-02-10T10:32:27","slug":"orientacion-profesional","status":"publish","type":"page","link":"https:\/\/casadelalumno.blogs.upv.es\/?page_id=4","title":{"rendered":"Orientaci\u00f3n Profesional"},"content":{"rendered":"<p>El Servicio Integrado de Empleo dispone de un servicio de orientaci\u00f3n profesional dirigido al alumno que inicia la b\u00fasqueda de su primer empleo. Solicita cita previa a traves de la web del Servicio Integrado de Empleo.<\/p>\n<p style=\"text-align: center\"><a style=\"text-decoration: none;color: blue\" title=\"Servicio de orientaci\u00f3n profesional\" href=\"http:\/\/www.upv.es\/contenidos\/SIEORIEN\/\" target=\"_blank\" rel=\"noopener\">+ informaci\u00f3n<\/a><\/p>\n<p><\/p>","protected":false},"excerpt":{"rendered":"<p>El Servicio Integrado de Empleo dispone de un servicio de orientaci\u00f3n profesional dirigido al alumno que inicia la b\u00fasqueda de su primer empleo. Solicita cita previa a traves de la web del Servicio Integrado de Empleo. + informaci\u00f3n<\/p>\n","protected":false},"author":242,"featured_media":0,"parent":36,"menu_order":2,"comment_status":"closed","ping_status":"closed","template":"","meta":{"ngg_post_thumbnail":0,"footnotes":""},"class_list":["post-4","page","type-page","status-publish","hentry"],"yoast_head":"<!-- This site is optimized with the Yoast SEO plugin v27.3 - https:\/\/yoast.com\/product\/yoast-seo-wordpress\/ -->\n<title>Orientaci\u00f3n Profesional - Casa del Estudiante<\/title>\n<meta name=\"robots\" content=\"index, follow, max-snippet:-1, max-image-preview:large, max-video-preview:-1\" \/>\n<link rel=\"canonical\" href=\"https:\/\/casadelalumno.blogs.upv.es\/?page_id=4\" \/>\n<meta property=\"og:locale\" content=\"es_ES\" \/>\n<meta property=\"og:type\" content=\"article\" \/>\n<meta property=\"og:title\" content=\"[:es]Orientaci\u00f3n Profesional[:vl]Orientaci\u00f3 Professional[:en]Occupational Guidance[:] - Casa del Estudiante\" \/>\n<meta property=\"og:description\" content=\"El Servicio Integrado de Empleo dispone de un servicio de orientaci\u00f3n profesional dirigido al alumno que inicia la b\u00fasqueda de su primer empleo. Solicita cita previa a traves de la web del Servicio Integrado de Empleo. + informaci\u00f3n\" \/>\n<meta property=\"og:url\" content=\"https:\/\/casadelalumno.blogs.upv.es\/?page_id=4\" \/>\n<meta property=\"og:site_name\" content=\"Casa del Estudiante\" \/>\n<meta property=\"article:modified_time\" content=\"2025-02-10T10:32:27+00:00\" \/>\n<meta name=\"twitter:card\" content=\"summary_large_image\" \/>\n<meta name=\"twitter:label1\" content=\"Tiempo de lectura\" \/>\n\t<meta name=\"twitter:data1\" content=\"1 minuto\" \/>\n<script type=\"application\/ld+json\" class=\"yoast-schema-graph\">{\"@context\":\"https:\\\/\\\/schema.org\",\"@graph\":[{\"@type\":\"WebPage\",\"@id\":\"https:\\\/\\\/casadelalumno.blogs.upv.es\\\/?page_id=4\",\"url\":\"https:\\\/\\\/casadelalumno.blogs.upv.es\\\/?page_id=4\",\"name\":\"[:es]Orientaci\u00f3n Profesional[:vl]Orientaci\u00f3 Professional[:en]Occupational Guidance[:] - Casa del Estudiante\",\"isPartOf\":{\"@id\":\"https:\\\/\\\/casadelalumno.blogs.upv.es\\\/#website\"},\"datePublished\":\"2009-09-10T08:33:21+00:00\",\"dateModified\":\"2025-02-10T10:32:27+00:00\",\"breadcrumb\":{\"@id\":\"https:\\\/\\\/casadelalumno.blogs.upv.es\\\/?page_id=4#breadcrumb\"},\"inLanguage\":\"es\",\"potentialAction\":[{\"@type\":\"ReadAction\",\"target\":[\"https:\\\/\\\/casadelalumno.blogs.upv.es\\\/?page_id=4\"]}]},{\"@type\":\"BreadcrumbList\",\"@id\":\"https:\\\/\\\/casadelalumno.blogs.upv.es\\\/?page_id=4#breadcrumb\",\"itemListElement\":[{\"@type\":\"ListItem\",\"position\":1,\"name\":\"Portada\",\"item\":\"https:\\\/\\\/casadelalumno.blogs.upv.es\\\/\"},{\"@type\":\"ListItem\",\"position\":2,\"name\":\"Servicios\",\"item\":\"https:\\\/\\\/casadelalumno.blogs.upv.es\\\/?page_id=36\"},{\"@type\":\"ListItem\",\"position\":3,\"name\":\"Orientaci\u00f3n Profesional\"}]},{\"@type\":\"WebSite\",\"@id\":\"https:\\\/\\\/casadelalumno.blogs.upv.es\\\/#website\",\"url\":\"https:\\\/\\\/casadelalumno.blogs.upv.es\\\/\",\"name\":\"Casa del Estudiante\",\"description\":\"P\u00e1gina web del CALUM de la UPV en Campus Vera\",\"potentialAction\":[{\"@type\":\"SearchAction\",\"target\":{\"@type\":\"EntryPoint\",\"urlTemplate\":\"https:\\\/\\\/casadelalumno.blogs.upv.es\\\/?s={search_term_string}\"},\"query-input\":{\"@type\":\"PropertyValueSpecification\",\"valueRequired\":true,\"valueName\":\"search_term_string\"}}],\"inLanguage\":\"es\"}]}<\/script>\n<!-- \/ Yoast SEO plugin. -->","yoast_head_json":{"title":"[:es]Orientaci\u00f3n Profesional[:vl]Orientaci\u00f3 Professional[:en]Occupational Guidance[:] - Casa del Estudiante","robots":{"index":"index","follow":"follow","max-snippet":"max-snippet:-1","max-image-preview":"max-image-preview:large","max-video-preview":"max-video-preview:-1"},"canonical":"https:\/\/casadelalumno.blogs.upv.es\/?page_id=4","og_locale":"es_ES","og_type":"article","og_title":"[:es]Orientaci\u00f3n Profesional[:vl]Orientaci\u00f3 Professional[:en]Occupational Guidance[:] - Casa del Estudiante","og_description":"El Servicio Integrado de Empleo dispone de un servicio de orientaci\u00f3n profesional dirigido al alumno que inicia la b\u00fasqueda de su primer empleo. Solicita cita previa a traves de la web del Servicio Integrado de Empleo. + informaci\u00f3n","og_url":"https:\/\/casadelalumno.blogs.upv.es\/?page_id=4","og_site_name":"Casa del Estudiante","article_modified_time":"2025-02-10T10:32:27+00:00","twitter_card":"summary_large_image","twitter_misc":{"Tiempo de lectura":"1 minuto"},"schema":{"@context":"https:\/\/schema.org","@graph":[{"@type":"WebPage","@id":"https:\/\/casadelalumno.blogs.upv.es\/?page_id=4","url":"https:\/\/casadelalumno.blogs.upv.es\/?page_id=4","name":"[:es]Orientaci\u00f3n Profesional[:vl]Orientaci\u00f3 Professional[:en]Occupational Guidance[:] - Casa del Estudiante","isPartOf":{"@id":"https:\/\/casadelalumno.blogs.upv.es\/#website"},"datePublished":"2009-09-10T08:33:21+00:00","dateModified":"2025-02-10T10:32:27+00:00","breadcrumb":{"@id":"https:\/\/casadelalumno.blogs.upv.es\/?page_id=4#breadcrumb"},"inLanguage":"es","potentialAction":[{"@type":"ReadAction","target":["https:\/\/casadelalumno.blogs.upv.es\/?page_id=4"]}]},{"@type":"BreadcrumbList","@id":"https:\/\/casadelalumno.blogs.upv.es\/?page_id=4#breadcrumb","itemListElement":[{"@type":"ListItem","position":1,"name":"Portada","item":"https:\/\/casadelalumno.blogs.upv.es\/"},{"@type":"ListItem","position":2,"name":"Servicios","item":"https:\/\/casadelalumno.blogs.upv.es\/?page_id=36"},{"@type":"ListItem","position":3,"name":"Orientaci\u00f3n Profesional"}]},{"@type":"WebSite","@id":"https:\/\/casadelalumno.blogs.upv.es\/#website","url":"https:\/\/casadelalumno.blogs.upv.es\/","name":"Casa del Estudiante","description":"P\u00e1gina web del CALUM de la UPV en Campus Vera","potentialAction":[{"@type":"SearchAction","target":{"@type":"EntryPoint","urlTemplate":"https:\/\/casadelalumno.blogs.upv.es\/?s={search_term_string}"},"query-input":{"@type":"PropertyValueSpecification","valueRequired":true,"valueName":"search_term_string"}}],"inLanguage":"es"}]}},"_links":{"self":[{"href":"https:\/\/casadelalumno.blogs.upv.es\/index.php?rest_route=\/wp\/v2\/pages\/4","targetHints":{"allow":["GET"]}}],"collection":[{"href":"https:\/\/casadelalumno.blogs.upv.es\/index.php?rest_route=\/wp\/v2\/pages"}],"about":[{"href":"https:\/\/casadelalumno.blogs.upv.es\/index.php?rest_route=\/wp\/v2\/types\/page"}],"author":[{"embeddable":true,"href":"https:\/\/casadelalumno.blogs.upv.es\/index.php?rest_route=\/wp\/v2\/users\/242"}],"replies":[{"embeddable":true,"href":"https:\/\/casadelalumno.blogs.upv.es\/index.php?rest_route=%2Fwp%2Fv2%2Fcomments&post=4"}],"version-history":[{"count":2,"href":"https:\/\/casadelalumno.blogs.upv.es\/index.php?rest_route=\/wp\/v2\/pages\/4\/revisions"}],"predecessor-version":[{"id":33254,"href":"https:\/\/casadelalumno.blogs.upv.es\/index.php?rest_route=\/wp\/v2\/pages\/4\/revisions\/33254"}],"up":[{"embeddable":true,"href":"https:\/\/casadelalumno.blogs.upv.es\/index.php?rest_route=\/wp\/v2\/pages\/36"}],"wp:attachment":[{"href":"https:\/\/casadelalumno.blogs.upv.es\/index.php?rest_route=%2Fwp%2Fv2%2Fmedia&parent=4"}],"curies":[{"name":"wp","href":"https:\/\/api.w.org\/{rel}","templated":true}]}}