{"id":27,"date":"2009-09-10T10:21:35","date_gmt":"2009-09-10T09:21:35","guid":{"rendered":"http:\/\/casadelalumno.blogs.upv.es\/?page_id=27"},"modified":"2026-03-06T13:24:34","modified_gmt":"2026-03-06T12:24:34","slug":"planta-baja","status":"publish","type":"page","link":"https:\/\/casadelalumno.blogs.upv.es\/?page_id=27","title":{"rendered":"Planta Baja"},"content":{"rendered":"<p><\/p>\n<h2>Punto De Atenci\u00f3n<\/h2>\n<p><img loading=\"lazy\" decoding=\"async\" class=\"alignleft\" src=\"https:\/\/casadelalumno.blogs.upv.es\/wp-content\/uploads\/2009\/09\/Punto-de-atencion.jpg\" alt=\"Punto de atenci\u00f3n\" width=\"150\" height=\"99\"><\/p>\n<p>&nbsp;<\/p>\n<p style=\"padding-left: 30px;\">Solicita informaci\u00f3n de todos nuestros proyectos, servicios y actividades.<br \/>\nGestiona la reserva de una sala para tu trabajo o reuniones.<br \/>\nUtiliza nuestro T.V. y D.V.D. Tambi\u00e9n puedes reservar todo tipo de juegos de mesa, billares y futbolines.<\/p>\n<p>&nbsp;<\/p>\n<p>Horario punto de atenci\u00f3n:<br \/>\n<strong>Lunes a viernes de 9:00 \u2013 21:00<\/strong><\/p>\n<h2>Zona de Ocio y Juegos<\/h2>\n<p style=\"text-align: right;\"><img loading=\"lazy\" decoding=\"async\" class=\"alignright wp-image-65 size-full\" src=\"https:\/\/casadelalumno.blogs.upv.es\/wp-content\/uploads\/2009\/09\/sala-de-juegos.jpg\" alt=\"Sala de Juegos\" width=\"150\" height=\"99\"><\/p>\n<p style=\"text-align: right;\">En este espacio podr\u00e1s realizar diversas actividades de tipo l\u00fadico, comer, charlar, trabajar en grupo, conectar tu ordenador port\u00e1til, ver la televisi\u00f3n, etc. Desde ver la tele hasta jugar a los diferentes juegos de mesa.<\/p>\n<p style=\"text-align: right;\">Tambi\u00e9n tendr\u00e1s a tu disposici\u00f3n m\u00e1quinas expendedoras de comida y bebida, as\u00ed como una m\u00e1quina de cambio de billetes en monedas.<\/p>\n<h2 style=\"text-align: left;\"><a id=\"LPUrlAnchor_15295732998330.891539897444819\" href=\"http:\/\/generacionespontanea.upv.es\/\" target=\"0vSc8ai3ZVL9J3-2Ut6ybUv\" rel=\"noopener noreferrer\">Generacion Espontanea<\/a><\/h2>\n<p style=\"text-align: left;\">Generacion Espontanea es un programa de la Universitat Polit\u00e8cnica de Val\u00e8ncia, cuyos objetivos son fomentar y apoyar las actividades extracurriculares desarrolladas por los grupos, equipos y\/o asociaciones de nuestra universidad, contribuyendo de esta manera al desarrollo formativo y adquisitivo de competencias transversales.<\/p>\n<p>&nbsp;<\/p>","protected":false},"excerpt":{"rendered":"<p>Punto De Atenci\u00f3n &nbsp; Solicita informaci\u00f3n de todos nuestros proyectos, servicios y actividades. Gestiona la reserva de una sala para tu trabajo o reuniones. Utiliza nuestro T.V. y D.V.D. Tambi\u00e9n puedes reservar todo tipo de juegos de mesa, billares y futbolines. &nbsp; Horario punto de atenci\u00f3n: Lunes a viernes de 9:00 \u2013 21:00 Zona de [&hellip;]<\/p>\n","protected":false},"author":1,"featured_media":0,"parent":23,"menu_order":1,"comment_status":"closed","ping_status":"closed","template":"","meta":{"ngg_post_thumbnail":0,"footnotes":""},"class_list":["post-27","page","type-page","status-publish","hentry"],"yoast_head":"<!-- This site is optimized with the Yoast SEO plugin v27.3 - https:\/\/yoast.com\/product\/yoast-seo-wordpress\/ -->\n<title>Planta Baja - Casa del Estudiante<\/title>\n<meta name=\"robots\" content=\"index, follow, max-snippet:-1, max-image-preview:large, max-video-preview:-1\" \/>\n<link rel=\"canonical\" href=\"https:\/\/casadelalumno.blogs.upv.es\/?page_id=27\" \/>\n<meta property=\"og:locale\" content=\"es_ES\" \/>\n<meta property=\"og:type\" content=\"article\" \/>\n<meta property=\"og:title\" content=\"[:es]Planta Baja[:vl]Planta Baixa[:en]Ground floor[:] - Casa del Estudiante\" \/>\n<meta property=\"og:description\" content=\"Punto De Atenci\u00f3n &nbsp; Solicita informaci\u00f3n de todos nuestros proyectos, servicios y actividades. Gestiona la reserva de una sala para tu trabajo o reuniones. Utiliza nuestro T.V. y D.V.D. Tambi\u00e9n puedes reservar todo tipo de juegos de mesa, billares y futbolines. &nbsp; Horario punto de atenci\u00f3n: Lunes a viernes de 9:00 \u2013 21:00 Zona de [&hellip;]\" \/>\n<meta property=\"og:url\" content=\"https:\/\/casadelalumno.blogs.upv.es\/?page_id=27\" \/>\n<meta property=\"og:site_name\" content=\"Casa del Estudiante\" \/>\n<meta property=\"article:modified_time\" content=\"2026-03-06T12:24:34+00:00\" \/>\n<meta property=\"og:image\" content=\"https:\/\/casadelalumno.blogs.upv.es\/wp-content\/uploads\/2009\/09\/Punto-de-atencion.jpg\" \/>\n<meta name=\"twitter:card\" content=\"summary_large_image\" \/>\n<meta name=\"twitter:label1\" content=\"Tiempo de lectura\" \/>\n\t<meta name=\"twitter:data1\" content=\"2 minutos\" \/>\n<script type=\"application\/ld+json\" class=\"yoast-schema-graph\">{\"@context\":\"https:\\\/\\\/schema.org\",\"@graph\":[{\"@type\":\"WebPage\",\"@id\":\"https:\\\/\\\/casadelalumno.blogs.upv.es\\\/?page_id=27\",\"url\":\"https:\\\/\\\/casadelalumno.blogs.upv.es\\\/?page_id=27\",\"name\":\"[:es]Planta Baja[:vl]Planta Baixa[:en]Ground floor[:] - Casa del Estudiante\",\"isPartOf\":{\"@id\":\"https:\\\/\\\/casadelalumno.blogs.upv.es\\\/#website\"},\"primaryImageOfPage\":{\"@id\":\"https:\\\/\\\/casadelalumno.blogs.upv.es\\\/?page_id=27#primaryimage\"},\"image\":{\"@id\":\"https:\\\/\\\/casadelalumno.blogs.upv.es\\\/?page_id=27#primaryimage\"},\"thumbnailUrl\":\"https:\\\/\\\/casadelalumno.blogs.upv.es\\\/wp-content\\\/uploads\\\/2009\\\/09\\\/Punto-de-atencion.jpg\",\"datePublished\":\"2009-09-10T09:21:35+00:00\",\"dateModified\":\"2026-03-06T12:24:34+00:00\",\"breadcrumb\":{\"@id\":\"https:\\\/\\\/casadelalumno.blogs.upv.es\\\/?page_id=27#breadcrumb\"},\"inLanguage\":\"es\",\"potentialAction\":[{\"@type\":\"ReadAction\",\"target\":[\"https:\\\/\\\/casadelalumno.blogs.upv.es\\\/?page_id=27\"]}]},{\"@type\":\"ImageObject\",\"inLanguage\":\"es\",\"@id\":\"https:\\\/\\\/casadelalumno.blogs.upv.es\\\/?page_id=27#primaryimage\",\"url\":\"https:\\\/\\\/casadelalumno.blogs.upv.es\\\/wp-content\\\/uploads\\\/2009\\\/09\\\/Punto-de-atencion.jpg\",\"contentUrl\":\"https:\\\/\\\/casadelalumno.blogs.upv.es\\\/wp-content\\\/uploads\\\/2009\\\/09\\\/Punto-de-atencion.jpg\",\"width\":\"150\",\"height\":\"99\",\"caption\":\"Punto de atencion\"},{\"@type\":\"BreadcrumbList\",\"@id\":\"https:\\\/\\\/casadelalumno.blogs.upv.es\\\/?page_id=27#breadcrumb\",\"itemListElement\":[{\"@type\":\"ListItem\",\"position\":1,\"name\":\"Portada\",\"item\":\"https:\\\/\\\/casadelalumno.blogs.upv.es\\\/\"},{\"@type\":\"ListItem\",\"position\":2,\"name\":\"La Casa\",\"item\":\"https:\\\/\\\/casadelalumno.blogs.upv.es\\\/\"},{\"@type\":\"ListItem\",\"position\":3,\"name\":\"Instalaciones\",\"item\":\"https:\\\/\\\/casadelalumno.blogs.upv.es\\\/?page_id=23\"},{\"@type\":\"ListItem\",\"position\":4,\"name\":\"Planta Baja\"}]},{\"@type\":\"WebSite\",\"@id\":\"https:\\\/\\\/casadelalumno.blogs.upv.es\\\/#website\",\"url\":\"https:\\\/\\\/casadelalumno.blogs.upv.es\\\/\",\"name\":\"Casa del Estudiante\",\"description\":\"P\u00e1gina web del CALUM de la UPV en Campus Vera\",\"potentialAction\":[{\"@type\":\"SearchAction\",\"target\":{\"@type\":\"EntryPoint\",\"urlTemplate\":\"https:\\\/\\\/casadelalumno.blogs.upv.es\\\/?s={search_term_string}\"},\"query-input\":{\"@type\":\"PropertyValueSpecification\",\"valueRequired\":true,\"valueName\":\"search_term_string\"}}],\"inLanguage\":\"es\"}]}<\/script>\n<!-- \/ Yoast SEO plugin. -->","yoast_head_json":{"title":"[:es]Planta Baja[:vl]Planta Baixa[:en]Ground floor[:] - Casa del Estudiante","robots":{"index":"index","follow":"follow","max-snippet":"max-snippet:-1","max-image-preview":"max-image-preview:large","max-video-preview":"max-video-preview:-1"},"canonical":"https:\/\/casadelalumno.blogs.upv.es\/?page_id=27","og_locale":"es_ES","og_type":"article","og_title":"[:es]Planta Baja[:vl]Planta Baixa[:en]Ground floor[:] - Casa del Estudiante","og_description":"Punto De Atenci\u00f3n &nbsp; Solicita informaci\u00f3n de todos nuestros proyectos, servicios y actividades. Gestiona la reserva de una sala para tu trabajo o reuniones. Utiliza nuestro T.V. y D.V.D. Tambi\u00e9n puedes reservar todo tipo de juegos de mesa, billares y futbolines. &nbsp; Horario punto de atenci\u00f3n: Lunes a viernes de 9:00 \u2013 21:00 Zona de [&hellip;]","og_url":"https:\/\/casadelalumno.blogs.upv.es\/?page_id=27","og_site_name":"Casa del Estudiante","article_modified_time":"2026-03-06T12:24:34+00:00","og_image":[{"url":"https:\/\/casadelalumno.blogs.upv.es\/wp-content\/uploads\/2009\/09\/Punto-de-atencion.jpg","type":"","width":"","height":""}],"twitter_card":"summary_large_image","twitter_misc":{"Tiempo de lectura":"2 minutos"},"schema":{"@context":"https:\/\/schema.org","@graph":[{"@type":"WebPage","@id":"https:\/\/casadelalumno.blogs.upv.es\/?page_id=27","url":"https:\/\/casadelalumno.blogs.upv.es\/?page_id=27","name":"[:es]Planta Baja[:vl]Planta Baixa[:en]Ground floor[:] - Casa del Estudiante","isPartOf":{"@id":"https:\/\/casadelalumno.blogs.upv.es\/#website"},"primaryImageOfPage":{"@id":"https:\/\/casadelalumno.blogs.upv.es\/?page_id=27#primaryimage"},"image":{"@id":"https:\/\/casadelalumno.blogs.upv.es\/?page_id=27#primaryimage"},"thumbnailUrl":"https:\/\/casadelalumno.blogs.upv.es\/wp-content\/uploads\/2009\/09\/Punto-de-atencion.jpg","datePublished":"2009-09-10T09:21:35+00:00","dateModified":"2026-03-06T12:24:34+00:00","breadcrumb":{"@id":"https:\/\/casadelalumno.blogs.upv.es\/?page_id=27#breadcrumb"},"inLanguage":"es","potentialAction":[{"@type":"ReadAction","target":["https:\/\/casadelalumno.blogs.upv.es\/?page_id=27"]}]},{"@type":"ImageObject","inLanguage":"es","@id":"https:\/\/casadelalumno.blogs.upv.es\/?page_id=27#primaryimage","url":"https:\/\/casadelalumno.blogs.upv.es\/wp-content\/uploads\/2009\/09\/Punto-de-atencion.jpg","contentUrl":"https:\/\/casadelalumno.blogs.upv.es\/wp-content\/uploads\/2009\/09\/Punto-de-atencion.jpg","width":"150","height":"99","caption":"Punto de atencion"},{"@type":"BreadcrumbList","@id":"https:\/\/casadelalumno.blogs.upv.es\/?page_id=27#breadcrumb","itemListElement":[{"@type":"ListItem","position":1,"name":"Portada","item":"https:\/\/casadelalumno.blogs.upv.es\/"},{"@type":"ListItem","position":2,"name":"La Casa","item":"https:\/\/casadelalumno.blogs.upv.es\/"},{"@type":"ListItem","position":3,"name":"Instalaciones","item":"https:\/\/casadelalumno.blogs.upv.es\/?page_id=23"},{"@type":"ListItem","position":4,"name":"Planta Baja"}]},{"@type":"WebSite","@id":"https:\/\/casadelalumno.blogs.upv.es\/#website","url":"https:\/\/casadelalumno.blogs.upv.es\/","name":"Casa del Estudiante","description":"P\u00e1gina web del CALUM de la UPV en Campus Vera","potentialAction":[{"@type":"SearchAction","target":{"@type":"EntryPoint","urlTemplate":"https:\/\/casadelalumno.blogs.upv.es\/?s={search_term_string}"},"query-input":{"@type":"PropertyValueSpecification","valueRequired":true,"valueName":"search_term_string"}}],"inLanguage":"es"}]}},"_links":{"self":[{"href":"https:\/\/casadelalumno.blogs.upv.es\/index.php?rest_route=\/wp\/v2\/pages\/27","targetHints":{"allow":["GET"]}}],"collection":[{"href":"https:\/\/casadelalumno.blogs.upv.es\/index.php?rest_route=\/wp\/v2\/pages"}],"about":[{"href":"https:\/\/casadelalumno.blogs.upv.es\/index.php?rest_route=\/wp\/v2\/types\/page"}],"author":[{"embeddable":true,"href":"https:\/\/casadelalumno.blogs.upv.es\/index.php?rest_route=\/wp\/v2\/users\/1"}],"replies":[{"embeddable":true,"href":"https:\/\/casadelalumno.blogs.upv.es\/index.php?rest_route=%2Fwp%2Fv2%2Fcomments&post=27"}],"version-history":[{"count":5,"href":"https:\/\/casadelalumno.blogs.upv.es\/index.php?rest_route=\/wp\/v2\/pages\/27\/revisions"}],"predecessor-version":[{"id":34280,"href":"https:\/\/casadelalumno.blogs.upv.es\/index.php?rest_route=\/wp\/v2\/pages\/27\/revisions\/34280"}],"up":[{"embeddable":true,"href":"https:\/\/casadelalumno.blogs.upv.es\/index.php?rest_route=\/wp\/v2\/pages\/23"}],"wp:attachment":[{"href":"https:\/\/casadelalumno.blogs.upv.es\/index.php?rest_route=%2Fwp%2Fv2%2Fmedia&parent=27"}],"curies":[{"name":"wp","href":"https:\/\/api.w.org\/{rel}","templated":true}]}}