{"id":2562,"date":"2014-02-27T18:26:48","date_gmt":"2014-02-27T16:26:48","guid":{"rendered":"http:\/\/casadelalumno.blogs.upv.es\/?page_id=2562"},"modified":"2025-03-25T12:25:26","modified_gmt":"2025-03-25T11:25:26","slug":"montar-una-asociacion","status":"publish","type":"page","link":"https:\/\/casadelalumno.blogs.upv.es\/?page_id=2562","title":{"rendered":"Create an association"},"content":{"rendered":"<p><a style=\"text-decoration: none;color: blue\" href=\"https:\/\/sede.mir.gob.es\/opencms\/export\/sites\/default\/es\/procedimientos-y-servicios\/tramites-sobre-asociaciones-inscritas\/consulta-del-fichero-de-denominaciones-de-asociaciones\/\">CONSULTA DEL FICHERO DE DENOMINACIONES DE ASOCIACIONES<\/a><\/p>\n<p><a style=\"text-decoration: none;color: blue\" href=\"https:\/\/sede.mir.gob.es\/procedimientos\/asociaciones\/\" target=\"_blank\" rel=\"noopener noreferrer\">MINISTERIO DEL INTERIOR (SEDE ELECTR\u00d3NICA)<\/a><\/p>\n<p><a style=\"text-decoration: none;color: blue\" href=\"https:\/\/cjusticia.gva.es\/es\/web\/atencion-a-las-victimas\/associacions-i-fundacions\">Conselleria&nbsp;de Justicia y Administraci\u00f3n P\u00fablica<\/a><\/p>\n<p><a style=\"text-decoration: none;color: blue\" href=\"http:\/\/www.gvajove.es\/ivaj\/opencms\/IVAJ\/es\/asociacionismo\/\" target=\"_blank\" rel=\"noopener noreferrer\">GENERALITA VALENCIANA. Generalitat Jove-IVAJ<\/a><\/p>\n<p><a style=\"text-decoration: none;color: blue\" href=\"https:\/\/www.boe.es\/biblioteca_juridica\/codigos\/codigo.php?id=154_Codigo_de_Asociaciones&amp;tipo=C&amp;modo=2\">BOLET\u00cdN OFICIAL DEL ESTADO. C\u00d3DIGO DE ASOCIACIONES<\/a><\/p>","protected":false},"excerpt":{"rendered":"<p>CONSULTA DEL FICHERO DE DENOMINACIONES DE ASOCIACIONES MINISTERIO DEL INTERIOR (SEDE ELECTR\u00d3NICA) Conselleria&nbsp;de Justicia y Administraci\u00f3n P\u00fablica GENERALITA VALENCIANA. Generalitat Jove-IVAJ BOLET\u00cdN OFICIAL DEL ESTADO. C\u00d3DIGO DE ASOCIACIONES<\/p>\n","protected":false},"author":55674,"featured_media":0,"parent":268,"menu_order":0,"comment_status":"closed","ping_status":"closed","template":"","meta":{"ngg_post_thumbnail":0,"footnotes":""},"class_list":["post-2562","page","type-page","status-publish","hentry"],"yoast_head":"<!-- This site is optimized with the Yoast SEO plugin v27.3 - https:\/\/yoast.com\/product\/yoast-seo-wordpress\/ -->\n<title>Create an association - Casa del Estudiante<\/title>\n<meta name=\"robots\" content=\"index, follow, max-snippet:-1, max-image-preview:large, max-video-preview:-1\" \/>\n<link rel=\"canonical\" href=\"https:\/\/casadelalumno.blogs.upv.es\/?page_id=2562\" \/>\n<meta property=\"og:locale\" content=\"es_ES\" \/>\n<meta property=\"og:type\" content=\"article\" \/>\n<meta property=\"og:title\" content=\"[:es]Create an association[:vl]Munta una associaci\u00f3[:en]Create an association[:] - Casa del Estudiante\" \/>\n<meta property=\"og:description\" content=\"CONSULTA DEL FICHERO DE DENOMINACIONES DE ASOCIACIONES MINISTERIO DEL INTERIOR (SEDE ELECTR\u00d3NICA) Conselleria&nbsp;de Justicia y Administraci\u00f3n P\u00fablica GENERALITA VALENCIANA. Generalitat Jove-IVAJ BOLET\u00cdN OFICIAL DEL ESTADO. C\u00d3DIGO DE ASOCIACIONES\" \/>\n<meta property=\"og:url\" content=\"https:\/\/casadelalumno.blogs.upv.es\/?page_id=2562\" \/>\n<meta property=\"og:site_name\" content=\"Casa del Estudiante\" \/>\n<meta property=\"article:modified_time\" content=\"2025-03-25T11:25:26+00:00\" \/>\n<meta name=\"twitter:card\" content=\"summary_large_image\" \/>\n<script type=\"application\/ld+json\" class=\"yoast-schema-graph\">{\"@context\":\"https:\\\/\\\/schema.org\",\"@graph\":[{\"@type\":\"WebPage\",\"@id\":\"https:\\\/\\\/casadelalumno.blogs.upv.es\\\/?page_id=2562\",\"url\":\"https:\\\/\\\/casadelalumno.blogs.upv.es\\\/?page_id=2562\",\"name\":\"[:es]Create an association[:vl]Munta una associaci\u00f3[:en]Create an association[:] - Casa del Estudiante\",\"isPartOf\":{\"@id\":\"https:\\\/\\\/casadelalumno.blogs.upv.es\\\/#website\"},\"datePublished\":\"2014-02-27T16:26:48+00:00\",\"dateModified\":\"2025-03-25T11:25:26+00:00\",\"breadcrumb\":{\"@id\":\"https:\\\/\\\/casadelalumno.blogs.upv.es\\\/?page_id=2562#breadcrumb\"},\"inLanguage\":\"es\",\"potentialAction\":[{\"@type\":\"ReadAction\",\"target\":[\"https:\\\/\\\/casadelalumno.blogs.upv.es\\\/?page_id=2562\"]}]},{\"@type\":\"BreadcrumbList\",\"@id\":\"https:\\\/\\\/casadelalumno.blogs.upv.es\\\/?page_id=2562#breadcrumb\",\"itemListElement\":[{\"@type\":\"ListItem\",\"position\":1,\"name\":\"Portada\",\"item\":\"https:\\\/\\\/casadelalumno.blogs.upv.es\\\/\"},{\"@type\":\"ListItem\",\"position\":2,\"name\":\"Servicios\",\"item\":\"https:\\\/\\\/casadelalumno.blogs.upv.es\\\/?page_id=36\"},{\"@type\":\"ListItem\",\"position\":3,\"name\":\"Asociaciones C.A.\",\"item\":\"https:\\\/\\\/casadelalumno.blogs.upv.es\\\/?page_id=268\"},{\"@type\":\"ListItem\",\"position\":4,\"name\":\"Create an association\"}]},{\"@type\":\"WebSite\",\"@id\":\"https:\\\/\\\/casadelalumno.blogs.upv.es\\\/#website\",\"url\":\"https:\\\/\\\/casadelalumno.blogs.upv.es\\\/\",\"name\":\"Casa del Estudiante\",\"description\":\"P\u00e1gina web del CALUM de la UPV en Campus Vera\",\"potentialAction\":[{\"@type\":\"SearchAction\",\"target\":{\"@type\":\"EntryPoint\",\"urlTemplate\":\"https:\\\/\\\/casadelalumno.blogs.upv.es\\\/?s={search_term_string}\"},\"query-input\":{\"@type\":\"PropertyValueSpecification\",\"valueRequired\":true,\"valueName\":\"search_term_string\"}}],\"inLanguage\":\"es\"}]}<\/script>\n<!-- \/ Yoast SEO plugin. -->","yoast_head_json":{"title":"[:es]Create an association[:vl]Munta una associaci\u00f3[:en]Create an association[:] - Casa del Estudiante","robots":{"index":"index","follow":"follow","max-snippet":"max-snippet:-1","max-image-preview":"max-image-preview:large","max-video-preview":"max-video-preview:-1"},"canonical":"https:\/\/casadelalumno.blogs.upv.es\/?page_id=2562","og_locale":"es_ES","og_type":"article","og_title":"[:es]Create an association[:vl]Munta una associaci\u00f3[:en]Create an association[:] - Casa del Estudiante","og_description":"CONSULTA DEL FICHERO DE DENOMINACIONES DE ASOCIACIONES MINISTERIO DEL INTERIOR (SEDE ELECTR\u00d3NICA) Conselleria&nbsp;de Justicia y Administraci\u00f3n P\u00fablica GENERALITA VALENCIANA. Generalitat Jove-IVAJ BOLET\u00cdN OFICIAL DEL ESTADO. C\u00d3DIGO DE ASOCIACIONES","og_url":"https:\/\/casadelalumno.blogs.upv.es\/?page_id=2562","og_site_name":"Casa del Estudiante","article_modified_time":"2025-03-25T11:25:26+00:00","twitter_card":"summary_large_image","schema":{"@context":"https:\/\/schema.org","@graph":[{"@type":"WebPage","@id":"https:\/\/casadelalumno.blogs.upv.es\/?page_id=2562","url":"https:\/\/casadelalumno.blogs.upv.es\/?page_id=2562","name":"[:es]Create an association[:vl]Munta una associaci\u00f3[:en]Create an association[:] - Casa del Estudiante","isPartOf":{"@id":"https:\/\/casadelalumno.blogs.upv.es\/#website"},"datePublished":"2014-02-27T16:26:48+00:00","dateModified":"2025-03-25T11:25:26+00:00","breadcrumb":{"@id":"https:\/\/casadelalumno.blogs.upv.es\/?page_id=2562#breadcrumb"},"inLanguage":"es","potentialAction":[{"@type":"ReadAction","target":["https:\/\/casadelalumno.blogs.upv.es\/?page_id=2562"]}]},{"@type":"BreadcrumbList","@id":"https:\/\/casadelalumno.blogs.upv.es\/?page_id=2562#breadcrumb","itemListElement":[{"@type":"ListItem","position":1,"name":"Portada","item":"https:\/\/casadelalumno.blogs.upv.es\/"},{"@type":"ListItem","position":2,"name":"Servicios","item":"https:\/\/casadelalumno.blogs.upv.es\/?page_id=36"},{"@type":"ListItem","position":3,"name":"Asociaciones C.A.","item":"https:\/\/casadelalumno.blogs.upv.es\/?page_id=268"},{"@type":"ListItem","position":4,"name":"Create an association"}]},{"@type":"WebSite","@id":"https:\/\/casadelalumno.blogs.upv.es\/#website","url":"https:\/\/casadelalumno.blogs.upv.es\/","name":"Casa del Estudiante","description":"P\u00e1gina web del CALUM de la UPV en Campus Vera","potentialAction":[{"@type":"SearchAction","target":{"@type":"EntryPoint","urlTemplate":"https:\/\/casadelalumno.blogs.upv.es\/?s={search_term_string}"},"query-input":{"@type":"PropertyValueSpecification","valueRequired":true,"valueName":"search_term_string"}}],"inLanguage":"es"}]}},"_links":{"self":[{"href":"https:\/\/casadelalumno.blogs.upv.es\/index.php?rest_route=\/wp\/v2\/pages\/2562","targetHints":{"allow":["GET"]}}],"collection":[{"href":"https:\/\/casadelalumno.blogs.upv.es\/index.php?rest_route=\/wp\/v2\/pages"}],"about":[{"href":"https:\/\/casadelalumno.blogs.upv.es\/index.php?rest_route=\/wp\/v2\/types\/page"}],"author":[{"embeddable":true,"href":"https:\/\/casadelalumno.blogs.upv.es\/index.php?rest_route=\/wp\/v2\/users\/55674"}],"replies":[{"embeddable":true,"href":"https:\/\/casadelalumno.blogs.upv.es\/index.php?rest_route=%2Fwp%2Fv2%2Fcomments&post=2562"}],"version-history":[{"count":3,"href":"https:\/\/casadelalumno.blogs.upv.es\/index.php?rest_route=\/wp\/v2\/pages\/2562\/revisions"}],"predecessor-version":[{"id":33439,"href":"https:\/\/casadelalumno.blogs.upv.es\/index.php?rest_route=\/wp\/v2\/pages\/2562\/revisions\/33439"}],"up":[{"embeddable":true,"href":"https:\/\/casadelalumno.blogs.upv.es\/index.php?rest_route=\/wp\/v2\/pages\/268"}],"wp:attachment":[{"href":"https:\/\/casadelalumno.blogs.upv.es\/index.php?rest_route=%2Fwp%2Fv2%2Fmedia&parent=2562"}],"curies":[{"name":"wp","href":"https:\/\/api.w.org\/{rel}","templated":true}]}}