{"id":12589,"date":"2017-06-06T10:59:15","date_gmt":"2017-06-06T09:59:15","guid":{"rendered":"http:\/\/casadelalumno.blogs.upv.es\/?page_id=12589"},"modified":"2026-02-27T14:27:47","modified_gmt":"2026-02-27T13:27:47","slug":"consumo-energetico","status":"publish","type":"page","link":"https:\/\/casadelalumno.blogs.upv.es\/?page_id=12589","title":{"rendered":"Consumo energ\u00e9tico"},"content":{"rendered":"<p><\/p>\n<p style=\"margin-right: 30px; text-align: justify;\">El Sistema de Gesti\u00f3n Ambiental de la UPV recoge y procesa gran cantidad de informaci\u00f3n sobre el comportamiento ambiental de la universidad. Uno de los objetivos del sistema es informar y sensibilizar al personal para que conozca cu\u00e1les son los efectos reales que sus actividades tienen sobre el medio y para que introduzca en su trabajo diario costumbres que permitan minimizar el impacto negativo que puedan tener esas actividades. En el siguiente enlace podr\u00e1s encontrar el consumo energ\u00e9tico actualizado del edificio de la Casa del Alumno.<\/p>\n<p>&nbsp;<\/p>\n<p><a style=\"text-decoration: none; color: blue;\" href=\"https:\/\/www.upv.es\/entidades\/amapuoc\/energia\/\" target=\"_blank\" rel=\"noopener\">\u26a1\ufe0fConsumo energ\u00e9tico\u26a1\ufe0f<\/a><\/p>","protected":false},"excerpt":{"rendered":"<p>El Sistema de Gesti\u00f3n Ambiental de la UPV recoge y procesa gran cantidad de informaci\u00f3n sobre el comportamiento ambiental de la universidad. Uno de los objetivos del sistema es informar y sensibilizar al personal para que conozca cu\u00e1les son los efectos reales que sus actividades tienen sobre el medio y para que introduzca en su [&hellip;]<\/p>\n","protected":false},"author":1,"featured_media":0,"parent":0,"menu_order":0,"comment_status":"closed","ping_status":"closed","template":"","meta":{"ngg_post_thumbnail":0,"footnotes":""},"class_list":["post-12589","page","type-page","status-publish","hentry"],"yoast_head":"<!-- This site is optimized with the Yoast SEO plugin v27.3 - https:\/\/yoast.com\/product\/yoast-seo-wordpress\/ -->\n<title>Consumo energ\u00e9tico - Casa del Estudiante<\/title>\n<meta name=\"robots\" content=\"index, follow, max-snippet:-1, max-image-preview:large, max-video-preview:-1\" \/>\n<link rel=\"canonical\" href=\"https:\/\/casadelalumno.blogs.upv.es\/?page_id=12589\" \/>\n<meta property=\"og:locale\" content=\"es_ES\" \/>\n<meta property=\"og:type\" content=\"article\" \/>\n<meta property=\"og:title\" content=\"[:es]Consumo energ\u00e9tico[:vl]Consum energ\u00e8tic[:en]Energy consumption[:] - Casa del Estudiante\" \/>\n<meta property=\"og:description\" content=\"El Sistema de Gesti\u00f3n Ambiental de la UPV recoge y procesa gran cantidad de informaci\u00f3n sobre el comportamiento ambiental de la universidad. Uno de los objetivos del sistema es informar y sensibilizar al personal para que conozca cu\u00e1les son los efectos reales que sus actividades tienen sobre el medio y para que introduzca en su [&hellip;]\" \/>\n<meta property=\"og:url\" content=\"https:\/\/casadelalumno.blogs.upv.es\/?page_id=12589\" \/>\n<meta property=\"og:site_name\" content=\"Casa del Estudiante\" \/>\n<meta property=\"article:modified_time\" content=\"2026-02-27T13:27:47+00:00\" \/>\n<meta name=\"twitter:card\" content=\"summary_large_image\" \/>\n<meta name=\"twitter:label1\" content=\"Tiempo de lectura\" \/>\n\t<meta name=\"twitter:data1\" content=\"1 minuto\" \/>\n<script type=\"application\/ld+json\" class=\"yoast-schema-graph\">{\"@context\":\"https:\\\/\\\/schema.org\",\"@graph\":[{\"@type\":\"WebPage\",\"@id\":\"https:\\\/\\\/casadelalumno.blogs.upv.es\\\/?page_id=12589\",\"url\":\"https:\\\/\\\/casadelalumno.blogs.upv.es\\\/?page_id=12589\",\"name\":\"[:es]Consumo energ\u00e9tico[:vl]Consum energ\u00e8tic[:en]Energy consumption[:] - Casa del Estudiante\",\"isPartOf\":{\"@id\":\"https:\\\/\\\/casadelalumno.blogs.upv.es\\\/#website\"},\"datePublished\":\"2017-06-06T09:59:15+00:00\",\"dateModified\":\"2026-02-27T13:27:47+00:00\",\"breadcrumb\":{\"@id\":\"https:\\\/\\\/casadelalumno.blogs.upv.es\\\/?page_id=12589#breadcrumb\"},\"inLanguage\":\"es\",\"potentialAction\":[{\"@type\":\"ReadAction\",\"target\":[\"https:\\\/\\\/casadelalumno.blogs.upv.es\\\/?page_id=12589\"]}]},{\"@type\":\"BreadcrumbList\",\"@id\":\"https:\\\/\\\/casadelalumno.blogs.upv.es\\\/?page_id=12589#breadcrumb\",\"itemListElement\":[{\"@type\":\"ListItem\",\"position\":1,\"name\":\"Portada\",\"item\":\"https:\\\/\\\/casadelalumno.blogs.upv.es\\\/\"},{\"@type\":\"ListItem\",\"position\":2,\"name\":\"Consumo energ\u00e9tico\"}]},{\"@type\":\"WebSite\",\"@id\":\"https:\\\/\\\/casadelalumno.blogs.upv.es\\\/#website\",\"url\":\"https:\\\/\\\/casadelalumno.blogs.upv.es\\\/\",\"name\":\"Casa del Estudiante\",\"description\":\"P\u00e1gina web del CALUM de la UPV en Campus Vera\",\"potentialAction\":[{\"@type\":\"SearchAction\",\"target\":{\"@type\":\"EntryPoint\",\"urlTemplate\":\"https:\\\/\\\/casadelalumno.blogs.upv.es\\\/?s={search_term_string}\"},\"query-input\":{\"@type\":\"PropertyValueSpecification\",\"valueRequired\":true,\"valueName\":\"search_term_string\"}}],\"inLanguage\":\"es\"}]}<\/script>\n<!-- \/ Yoast SEO plugin. -->","yoast_head_json":{"title":"[:es]Consumo energ\u00e9tico[:vl]Consum energ\u00e8tic[:en]Energy consumption[:] - Casa del Estudiante","robots":{"index":"index","follow":"follow","max-snippet":"max-snippet:-1","max-image-preview":"max-image-preview:large","max-video-preview":"max-video-preview:-1"},"canonical":"https:\/\/casadelalumno.blogs.upv.es\/?page_id=12589","og_locale":"es_ES","og_type":"article","og_title":"[:es]Consumo energ\u00e9tico[:vl]Consum energ\u00e8tic[:en]Energy consumption[:] - Casa del Estudiante","og_description":"El Sistema de Gesti\u00f3n Ambiental de la UPV recoge y procesa gran cantidad de informaci\u00f3n sobre el comportamiento ambiental de la universidad. Uno de los objetivos del sistema es informar y sensibilizar al personal para que conozca cu\u00e1les son los efectos reales que sus actividades tienen sobre el medio y para que introduzca en su [&hellip;]","og_url":"https:\/\/casadelalumno.blogs.upv.es\/?page_id=12589","og_site_name":"Casa del Estudiante","article_modified_time":"2026-02-27T13:27:47+00:00","twitter_card":"summary_large_image","twitter_misc":{"Tiempo de lectura":"1 minuto"},"schema":{"@context":"https:\/\/schema.org","@graph":[{"@type":"WebPage","@id":"https:\/\/casadelalumno.blogs.upv.es\/?page_id=12589","url":"https:\/\/casadelalumno.blogs.upv.es\/?page_id=12589","name":"[:es]Consumo energ\u00e9tico[:vl]Consum energ\u00e8tic[:en]Energy consumption[:] - Casa del Estudiante","isPartOf":{"@id":"https:\/\/casadelalumno.blogs.upv.es\/#website"},"datePublished":"2017-06-06T09:59:15+00:00","dateModified":"2026-02-27T13:27:47+00:00","breadcrumb":{"@id":"https:\/\/casadelalumno.blogs.upv.es\/?page_id=12589#breadcrumb"},"inLanguage":"es","potentialAction":[{"@type":"ReadAction","target":["https:\/\/casadelalumno.blogs.upv.es\/?page_id=12589"]}]},{"@type":"BreadcrumbList","@id":"https:\/\/casadelalumno.blogs.upv.es\/?page_id=12589#breadcrumb","itemListElement":[{"@type":"ListItem","position":1,"name":"Portada","item":"https:\/\/casadelalumno.blogs.upv.es\/"},{"@type":"ListItem","position":2,"name":"Consumo energ\u00e9tico"}]},{"@type":"WebSite","@id":"https:\/\/casadelalumno.blogs.upv.es\/#website","url":"https:\/\/casadelalumno.blogs.upv.es\/","name":"Casa del Estudiante","description":"P\u00e1gina web del CALUM de la UPV en Campus Vera","potentialAction":[{"@type":"SearchAction","target":{"@type":"EntryPoint","urlTemplate":"https:\/\/casadelalumno.blogs.upv.es\/?s={search_term_string}"},"query-input":{"@type":"PropertyValueSpecification","valueRequired":true,"valueName":"search_term_string"}}],"inLanguage":"es"}]}},"_links":{"self":[{"href":"https:\/\/casadelalumno.blogs.upv.es\/index.php?rest_route=\/wp\/v2\/pages\/12589","targetHints":{"allow":["GET"]}}],"collection":[{"href":"https:\/\/casadelalumno.blogs.upv.es\/index.php?rest_route=\/wp\/v2\/pages"}],"about":[{"href":"https:\/\/casadelalumno.blogs.upv.es\/index.php?rest_route=\/wp\/v2\/types\/page"}],"author":[{"embeddable":true,"href":"https:\/\/casadelalumno.blogs.upv.es\/index.php?rest_route=\/wp\/v2\/users\/1"}],"replies":[{"embeddable":true,"href":"https:\/\/casadelalumno.blogs.upv.es\/index.php?rest_route=%2Fwp%2Fv2%2Fcomments&post=12589"}],"version-history":[{"count":4,"href":"https:\/\/casadelalumno.blogs.upv.es\/index.php?rest_route=\/wp\/v2\/pages\/12589\/revisions"}],"predecessor-version":[{"id":34250,"href":"https:\/\/casadelalumno.blogs.upv.es\/index.php?rest_route=\/wp\/v2\/pages\/12589\/revisions\/34250"}],"wp:attachment":[{"href":"https:\/\/casadelalumno.blogs.upv.es\/index.php?rest_route=%2Fwp%2Fv2%2Fmedia&parent=12589"}],"curies":[{"name":"wp","href":"https:\/\/api.w.org\/{rel}","templated":true}]}}